{"id":9871,"date":"2024-03-27T15:27:03","date_gmt":"2024-03-27T14:27:03","guid":{"rendered":"https:\/\/mk-development.pl\/laser-welding\/"},"modified":"2024-04-07T09:56:25","modified_gmt":"2024-04-07T07:56:25","slug":"laser-welding","status":"publish","type":"page","link":"https:\/\/mk-development.pl\/en\/home\/laser-welding\/","title":{"rendered":"Laser welding"},"content":{"rendered":"<div class=\"wpb-content-wrapper\"><p>[vc_row][vc_column][vc_row_inner equal_height=&#8221;yes&#8221; content_placement=&#8221;middle&#8221; woodmart_css_id=&#8221;6601d1e623478&#8243; responsive_spacing=&#8221;eyJwYXJhbV90eXBlIjoid29vZG1hcnRfcmVzcG9uc2l2ZV9zcGFjaW5nIiwic2VsZWN0b3JfaWQiOiI2NjAxZDFlNjIzNDc4Iiwic2hvcnRjb2RlIjoidmNfcm93X2lubmVyIiwiZGF0YSI6eyJ0YWJsZXQiOnt9LCJtb2JpbGUiOnt9fX0=&#8221; mobile_bg_img_hidden=&#8221;no&#8221; tablet_bg_img_hidden=&#8221;no&#8221; woodmart_parallax=&#8221;0&#8243; woodmart_gradient_switch=&#8221;no&#8221; woodmart_box_shadow=&#8221;no&#8221; wd_z_index=&#8221;no&#8221; woodmart_disable_overflow=&#8221;0&#8243; row_reverse_mobile=&#8221;0&#8243; row_reverse_tablet=&#8221;0&#8243; css=&#8221;.vc_custom_1711395307670{padding-bottom: 20px !important;}&#8221;][vc_column_inner width=&#8221;1\/2&#8243; css=&#8221;.vc_custom_1711394928698{padding-right: 10% !important;}&#8221; woodmart_css_id=&#8221;6601d066e674e&#8221; parallax_scroll=&#8221;no&#8221; woodmart_sticky_column=&#8221;false&#8221; wd_collapsible_content_switcher=&#8221;no&#8221; wd_column_role_offcanvas_desktop=&#8221;no&#8221; wd_column_role_offcanvas_tablet=&#8221;no&#8221; wd_column_role_offcanvas_mobile=&#8221;no&#8221; wd_column_role_content_desktop=&#8221;no&#8221; wd_column_role_content_tablet=&#8221;no&#8221; wd_column_role_content_mobile=&#8221;no&#8221; mobile_bg_img_hidden=&#8221;no&#8221; tablet_bg_img_hidden=&#8221;no&#8221; woodmart_parallax=&#8221;0&#8243; woodmart_box_shadow=&#8221;no&#8221; responsive_spacing=&#8221;eyJwYXJhbV90eXBlIjoid29vZG1hcnRfcmVzcG9uc2l2ZV9zcGFjaW5nIiwic2VsZWN0b3JfaWQiOiI2NjAxZDA2NmU2NzRlIiwic2hvcnRjb2RlIjoidmNfY29sdW1uX2lubmVyIiwiZGF0YSI6eyJ0YWJsZXQiOnt9LCJtb2JpbGUiOnsicGFkZGluZy1yaWdodCI6IjQlIiwicGFkZGluZy1sZWZ0IjoiNCUifX19&#8243; wd_z_index=&#8221;no&#8221;]\n\t\t<div id=\"wd-66042cc47a98c\" class=\"title-wrapper wd-wpb set-mb-s reset-last-child  wd-rs-66042cc47a98c wd-title-color-primary wd-title-style-default text-left  wd-underline-colored\">\n\t\t\t\n\t\t\t<div class=\"liner-continer\">\n\t\t\t\t<h3 class=\"woodmart-title-container title  wd-font-weight- wd-fontsize-l\" >Laser welding<\/h3>\n\t\t\t\t\t\t\t<\/div>\n\t\t\t\n\t\t\t\n\t\t\t\n\t\t<\/div>\n\t\t\n\t\t\t\t<div id=\"wd-660c4b28e1bcd\" class=\"wd-text-block wd-wpb reset-last-child wd-rs-660c4b28e1bcd text-left \">\n\t\t\t<p>A process in which metals or thermoplastics are joined by a focused laser beam. This is the most advanced type of welding used in many industries, from aviation and medical equipment to jewelry production.<\/p>\n<p>The laser beam can be controlled and focused on a small area. This allows elements to be welded with high precision. The adjustable spot size makes laser welding also suitable for very thin and delicate metal and plastic components.<\/p>\n\t\t<\/div>\n\t\t\t\t<div id=\"wd-66042f22445eb\" class=\"wd-text-block wd-wpb reset-last-child wd-rs-66042f22445eb text-left \">\n\t\t\t<p>We offer laser welding services for metals such as:<\/p>\n<ul>\n<li>steel, stainless steel<\/li>\n<li>aluminum<\/li>\n<li>brass<\/li>\n<li>copper.<\/li>\n<\/ul>\n<p>For a quote, please contact us.<\/p>\n\t\t<\/div>\n\t\t[\/vc_column_inner][vc_column_inner width=&#8221;1\/2&#8243;]\t\t<div id=\"wd-66042e90ce07d\" class=\"wd-image wd-wpb wd-rs-66042e90ce07d text-center \">\n\t\t\t\n\t\t\t<img loading=\"lazy\" decoding=\"async\" width=\"900\" height=\"900\" src=\"https:\/\/mk-development.pl\/wp-content\/uploads\/2024\/03\/spaw-las.jpeg\" class=\"attachment-full size-full\" alt=\"\" srcset=\"https:\/\/mk-development.pl\/wp-content\/uploads\/2024\/03\/spaw-las.jpeg 900w, https:\/\/mk-development.pl\/wp-content\/uploads\/2024\/03\/spaw-las-430x430.jpeg 430w, https:\/\/mk-development.pl\/wp-content\/uploads\/2024\/03\/spaw-las-100x100.jpeg 100w, https:\/\/mk-development.pl\/wp-content\/uploads\/2024\/03\/spaw-las-700x700.jpeg 700w, https:\/\/mk-development.pl\/wp-content\/uploads\/2024\/03\/spaw-las-300x300.jpeg 300w, https:\/\/mk-development.pl\/wp-content\/uploads\/2024\/03\/spaw-las-800x800.jpeg 800w, https:\/\/mk-development.pl\/wp-content\/uploads\/2024\/03\/spaw-las-150x150.jpeg 150w, https:\/\/mk-development.pl\/wp-content\/uploads\/2024\/03\/spaw-las-768x768.jpeg 768w\" sizes=\"auto, (max-width: 900px) 100vw, 900px\" \/>\n\t\t\t\t\t<\/div>\n\t\t[\/vc_column_inner][\/vc_row_inner][vc_row_inner equal_height=&#8221;yes&#8221; content_placement=&#8221;middle&#8221; woodmart_css_id=&#8221;6601d1e04c400&#8243; responsive_spacing=&#8221;eyJwYXJhbV90eXBlIjoid29vZG1hcnRfcmVzcG9uc2l2ZV9zcGFjaW5nIiwic2VsZWN0b3JfaWQiOiI2NjAxZDFlMDRjNDAwIiwic2hvcnRjb2RlIjoidmNfcm93X2lubmVyIiwiZGF0YSI6eyJ0YWJsZXQiOnt9LCJtb2JpbGUiOnt9fX0=&#8221; mobile_bg_img_hidden=&#8221;no&#8221; tablet_bg_img_hidden=&#8221;no&#8221; woodmart_parallax=&#8221;0&#8243; woodmart_gradient_switch=&#8221;no&#8221; woodmart_box_shadow=&#8221;no&#8221; wd_z_index=&#8221;no&#8221; woodmart_disable_overflow=&#8221;0&#8243; row_reverse_mobile=&#8221;1&#8243; row_reverse_tablet=&#8221;1&#8243; css=&#8221;.vc_custom_1711395300731{padding-top: 20px !important;}&#8221;][vc_column_inner width=&#8221;1\/2&#8243;]\t\t<div id=\"wd-66042eb36955d\" class=\"wd-image wd-wpb wd-rs-66042eb36955d text-center \">\n\t\t\t\n\t\t\t<img loading=\"lazy\" decoding=\"async\" width=\"579\" height=\"246\" src=\"https:\/\/mk-development.pl\/wp-content\/uploads\/2024\/03\/spawanie-laserowe.jpeg\" class=\"attachment-full size-full\" alt=\"\" srcset=\"https:\/\/mk-development.pl\/wp-content\/uploads\/2024\/03\/spawanie-laserowe.jpeg 579w, https:\/\/mk-development.pl\/wp-content\/uploads\/2024\/03\/spawanie-laserowe-430x183.jpeg 430w, https:\/\/mk-development.pl\/wp-content\/uploads\/2024\/03\/spawanie-laserowe-400x170.jpeg 400w\" sizes=\"auto, (max-width: 579px) 100vw, 579px\" \/>\n\t\t\t\t\t<\/div>\n\t\t[\/vc_column_inner][vc_column_inner width=&#8221;1\/2&#8243; css=&#8221;.vc_custom_1711394917911{padding-left: 10% !important;}&#8221; woodmart_css_id=&#8221;6601d05d410ca&#8221; parallax_scroll=&#8221;no&#8221; woodmart_sticky_column=&#8221;false&#8221; wd_collapsible_content_switcher=&#8221;no&#8221; wd_column_role_offcanvas_desktop=&#8221;no&#8221; wd_column_role_offcanvas_tablet=&#8221;no&#8221; wd_column_role_offcanvas_mobile=&#8221;no&#8221; wd_column_role_content_desktop=&#8221;no&#8221; wd_column_role_content_tablet=&#8221;no&#8221; wd_column_role_content_mobile=&#8221;no&#8221; mobile_bg_img_hidden=&#8221;no&#8221; tablet_bg_img_hidden=&#8221;no&#8221; woodmart_parallax=&#8221;0&#8243; woodmart_box_shadow=&#8221;no&#8221; responsive_spacing=&#8221;eyJwYXJhbV90eXBlIjoid29vZG1hcnRfcmVzcG9uc2l2ZV9zcGFjaW5nIiwic2VsZWN0b3JfaWQiOiI2NjAxZDA1ZDQxMGNhIiwic2hvcnRjb2RlIjoidmNfY29sdW1uX2lubmVyIiwiZGF0YSI6eyJ0YWJsZXQiOnt9LCJtb2JpbGUiOnsicGFkZGluZy1yaWdodCI6IjQlIiwicGFkZGluZy1sZWZ0IjoiNCUifX19&#8243; wd_z_index=&#8221;no&#8221;]\n\t\t<div id=\"wd-66042e7b62e03\" class=\"title-wrapper wd-wpb set-mb-s reset-last-child  wd-rs-66042e7b62e03 wd-title-color-primary wd-title-style-default text-left  wd-underline-colored\">\n\t\t\t\n\t\t\t<div class=\"liner-continer\">\n\t\t\t\t<h3 class=\"woodmart-title-container title  wd-font-weight- wd-fontsize-xl\" >Technology<\/h3>\n\t\t\t\t\t\t\t<\/div>\n\t\t\t\n\t\t\t\n\t\t\t\n\t\t<\/div>\n\t\t\n\t\t\t\t<div id=\"wd-66042e6d6a0d3\" class=\"wd-text-block wd-wpb reset-last-child wd-rs-66042e6d6a0d3 text-left \">\n\t\t\t<p>Laser welding technology uses a laser beam as a highly concentrated heat source to join materials. The laser beam heats and melts the edges of the materials, creating a weld. Due to its high precision, high welding speed, shorter processing time, wide material tolerance and consistent quality, laser welding has a wide range of applications and is often used to create very precise welds.<\/p>\n<p>The focused beam melts only a small area of the metal, minimizing internal stresses and heat-induced distortions of the workpiece.<\/p>\n\t\t<\/div>\n\t\t[\/vc_column_inner][\/vc_row_inner][\/vc_column][\/vc_row][vc_row css=&#8221;.vc_custom_1711395262680{padding-top: 60px !important;padding-bottom: 80px !important;}&#8221; woodmart_css_id=&#8221;6601d1b82a34e&#8221; responsive_spacing=&#8221;eyJwYXJhbV90eXBlIjoid29vZG1hcnRfcmVzcG9uc2l2ZV9zcGFjaW5nIiwic2VsZWN0b3JfaWQiOiI2NjAxZDFiODJhMzRlIiwic2hvcnRjb2RlIjoidmNfcm93IiwiZGF0YSI6eyJ0YWJsZXQiOnt9LCJtb2JpbGUiOnsicGFkZGluZy10b3AiOiI0MHB4IiwicGFkZGluZy1ib3R0b20iOiIyMHB4In19fQ==&#8221; mobile_bg_img_hidden=&#8221;no&#8221; tablet_bg_img_hidden=&#8221;no&#8221; woodmart_parallax=&#8221;0&#8243; woodmart_gradient_switch=&#8221;no&#8221; woodmart_box_shadow=&#8221;no&#8221; wd_z_index=&#8221;no&#8221; woodmart_disable_overflow=&#8221;0&#8243; row_reverse_mobile=&#8221;0&#8243; row_reverse_tablet=&#8221;0&#8243;][vc_column woodmart_css_id=&#8221;65d3acf87f4c2&#8243; parallax_scroll=&#8221;no&#8221; woodmart_sticky_column=&#8221;false&#8221; wd_collapsible_content_switcher=&#8221;no&#8221; wd_column_role_offcanvas_desktop=&#8221;no&#8221; wd_column_role_offcanvas_tablet=&#8221;no&#8221; wd_column_role_offcanvas_mobile=&#8221;no&#8221; wd_column_role_content_desktop=&#8221;no&#8221; wd_column_role_content_tablet=&#8221;no&#8221; wd_column_role_content_mobile=&#8221;no&#8221; mobile_bg_img_hidden=&#8221;no&#8221; tablet_bg_img_hidden=&#8221;no&#8221; woodmart_parallax=&#8221;0&#8243; woodmart_box_shadow=&#8221;no&#8221; responsive_spacing=&#8221;eyJwYXJhbV90eXBlIjoid29vZG1hcnRfcmVzcG9uc2l2ZV9zcGFjaW5nIiwic2VsZWN0b3JfaWQiOiI2NWQzYWNmODdmNGMyIiwic2hvcnRjb2RlIjoidmNfY29sdW1uIiwiZGF0YSI6eyJ0YWJsZXQiOnt9LCJtb2JpbGUiOnsicGFkZGluZy1yaWdodCI6IjUlIiwicGFkZGluZy1sZWZ0IjoiNSUifX19&#8243; mobile_reset_margin=&#8221;no&#8221; tablet_reset_margin=&#8221;no&#8221; wd_z_index=&#8221;no&#8221;]\n\t\t<div id=\"wd-65d3a073147c1\" class=\"title-wrapper wd-wpb set-mb-s reset-last-child  wd-rs-65d3a073147c1 wd-title-color-primary wd-title-style-default text-center  wd-underline-colored\">\n\t\t\t\n\t\t\t<div class=\"liner-continer\">\n\t\t\t\t<h2 class=\"woodmart-title-container title  wd-font-weight- wd-fontsize-l\" >Contact form<\/h2>\n\t\t\t\t\t\t\t<\/div>\n\t\t\t\n\t\t\t\n\t\t\t\n\t\t<\/div>\n\t\t\n\t\t[vc_row_inner][vc_column_inner width=&#8221;1\/12&#8243;][\/vc_column_inner][vc_column_inner width=&#8221;5\/6&#8243;]\n<div class=\"wpcf7 no-js\" id=\"wpcf7-f9922-o1\" lang=\"en-US\" dir=\"ltr\">\n<div class=\"screen-reader-response\"><p role=\"status\" aria-live=\"polite\" aria-atomic=\"true\"><\/p> <ul><\/ul><\/div>\n<form action=\"\/en\/wp-json\/wp\/v2\/pages\/9871#wpcf7-f9922-o1\" method=\"post\" class=\"wpcf7-form init wd-style-with-bg\" aria-label=\"Contact form\" novalidate=\"novalidate\" data-status=\"init\">\n<div style=\"display: none;\">\n<input type=\"hidden\" name=\"_wpcf7\" value=\"9922\" \/>\n<input type=\"hidden\" name=\"_wpcf7_version\" value=\"5.9.3\" \/>\n<input type=\"hidden\" name=\"_wpcf7_locale\" value=\"en_US\" \/>\n<input type=\"hidden\" name=\"_wpcf7_unit_tag\" value=\"wpcf7-f9922-o1\" \/>\n<input type=\"hidden\" name=\"_wpcf7_container_post\" value=\"0\" \/>\n<input type=\"hidden\" name=\"_wpcf7_posted_data_hash\" value=\"\" \/>\n<input type=\"hidden\" name=\"_wpcf7_recaptcha_response\" value=\"\" \/>\n<\/div>\n<div class=\"row\">\n\t<div class=\"col-md-6\">\n\t\t<p><label>Name<\/label><span class=\"wpcf7-form-control-wrap\" data-name=\"your-name\"><input size=\"40\" class=\"wpcf7-form-control wpcf7-text wpcf7-validates-as-required\" aria-required=\"true\" aria-invalid=\"false\" value=\"\" type=\"text\" name=\"your-name\" \/><\/span><br \/>\n<label>Telephone number<\/label><span class=\"wpcf7-form-control-wrap\" data-name=\"tel-767\"><input size=\"40\" class=\"wpcf7-form-control wpcf7-tel wpcf7-text wpcf7-validates-as-tel\" aria-invalid=\"false\" value=\"\" type=\"tel\" name=\"tel-767\" \/><\/span><br \/>\n<label>E-mail address<\/label><span class=\"wpcf7-form-control-wrap\" data-name=\"your-email\"><input size=\"40\" class=\"wpcf7-form-control wpcf7-email wpcf7-validates-as-required wpcf7-text wpcf7-validates-as-email\" aria-required=\"true\" aria-invalid=\"false\" value=\"\" type=\"email\" name=\"your-email\" \/><\/span>\n\t\t<\/p>\n\t<\/div>\n\t<div class=\"col-md-6\">\n\t\t<p><label>Message<\/label><span class=\"wpcf7-form-control-wrap\" data-name=\"your-message\"><textarea cols=\"40\" rows=\"10\" class=\"wpcf7-form-control wpcf7-textarea\" aria-invalid=\"false\" name=\"your-message\"><\/textarea><\/span>\n\t\t<\/p>\n\t<\/div>\n<\/div>\n<p><span class=\"wpcf7-form-control-wrap\" data-name=\"acceptance-840\"><span class=\"wpcf7-form-control wpcf7-acceptance optional\"><span class=\"wpcf7-list-item\"><label><input type=\"checkbox\" name=\"acceptance-840\" value=\"1\" aria-invalid=\"false\" \/><span class=\"wpcf7-list-item-label\">I consent to the processing of my personal data by Mk Design & Development Marek Kukie\u0142ka with its registered office in \u0141\u00f3d\u017a (93-339), 72 Przednia Street, entered into the Register of Entrepreneurs of the National Court Register kept by the District Court for \u0141\u00f3d\u017a-\u015ar\u00f3dmie\u015bcie in \u0141\u00f3d\u017a XX Economic Division of the National Court Register under NIP: 7251316997, REGON: 014887995 (\"Data Administrator\") my personal data in the form of name and surname, e-mail address and telephone number (if provided) for the purpose of correspondence, including ongoing communication related to the enquiries directed through the contact form by means of electronic communication, pursuant to the provision of art. 10(1) and (2) of the Act on the provision of services by electronic means or by means of telecommunication terminal equipment within the meaning of the Telecommunications Law (e.g. enquiries concerning premises in which you are interested or enquiries about current investments), which constitutes a legitimate interest of the Data Controller (legal basis for data processing: art. 6(1)(f) RODO)\u00a0<a href=\"\/en\/privacy-policy\/\">Learn more <\/a>*<\/span><\/label><\/span><\/span><\/span>\n<\/p>\n<p><input class=\"wpcf7-form-control wpcf7-submit has-spinner btn-color-black\" type=\"submit\" value=\"Send a message\" \/>\n<\/p><div class=\"wpcf7-response-output\" aria-hidden=\"true\"><\/div>\n<\/form>\n<\/div>\n[\/vc_column_inner][vc_column_inner width=&#8221;1\/12&#8243;][\/vc_column_inner][\/vc_row_inner][\/vc_column][\/vc_row]<\/p>\n<\/div>","protected":false},"excerpt":{"rendered":"<p>[vc_row][vc_column][vc_row_inner equal_height=&#8221;yes&#8221; content_placement=&#8221;middle&#8221; woodmart_css_id=&#8221;6601d1e623478&#8243; responsive_spacing=&#8221;eyJwYXJhbV90eXBlIjoid29vZG1hcnRfcmVzcG9uc2l2ZV9zcGFjaW5nIiwic2VsZWN0b3JfaWQiOiI2NjAxZDFlNjIzNDc4Iiwic2hvcnRjb2RlIjoidmNfcm93X2lubmVyIiwiZGF0YSI6eyJ0YWJsZXQiOnt9LCJtb2JpbGUiOnt9fX0=&#8221; mobile_bg_img_hidden=&#8221;no&#8221; tablet_bg_img_hidden=&#8221;no&#8221; woodmart_parallax=&#8221;0&#8243; woodmart_gradient_switch=&#8221;no&#8221; woodmart_box_shadow=&#8221;no&#8221; wd_z_index=&#8221;no&#8221; woodmart_disable_overflow=&#8221;0&#8243; row_reverse_mobile=&#8221;0&#8243; row_reverse_tablet=&#8221;0&#8243; css=&#8221;.vc_custom_1711395307670{padding-bottom: 20px !important;}&#8221;][vc_column_inner width=&#8221;1\/2&#8243; css=&#8221;.vc_custom_1711394928698{padding-right: 10%<\/p>\n","protected":false},"author":1,"featured_media":0,"parent":9884,"menu_order":0,"comment_status":"closed","ping_status":"closed","template":"","meta":{"om_disable_all_campaigns":false,"_monsterinsights_skip_tracking":false,"_monsterinsights_sitenote_active":false,"_monsterinsights_sitenote_note":"","_monsterinsights_sitenote_category":0,"footnotes":""},"class_list":["post-9871","page","type-page","status-publish","hentry"],"aioseo_notices":[],"_links":{"self":[{"href":"https:\/\/mk-development.pl\/en\/wp-json\/wp\/v2\/pages\/9871","targetHints":{"allow":["GET"]}}],"collection":[{"href":"https:\/\/mk-development.pl\/en\/wp-json\/wp\/v2\/pages"}],"about":[{"href":"https:\/\/mk-development.pl\/en\/wp-json\/wp\/v2\/types\/page"}],"author":[{"embeddable":true,"href":"https:\/\/mk-development.pl\/en\/wp-json\/wp\/v2\/users\/1"}],"replies":[{"embeddable":true,"href":"https:\/\/mk-development.pl\/en\/wp-json\/wp\/v2\/comments?post=9871"}],"version-history":[{"count":2,"href":"https:\/\/mk-development.pl\/en\/wp-json\/wp\/v2\/pages\/9871\/revisions"}],"predecessor-version":[{"id":9929,"href":"https:\/\/mk-development.pl\/en\/wp-json\/wp\/v2\/pages\/9871\/revisions\/9929"}],"up":[{"embeddable":true,"href":"https:\/\/mk-development.pl\/en\/wp-json\/wp\/v2\/pages\/9884"}],"wp:attachment":[{"href":"https:\/\/mk-development.pl\/en\/wp-json\/wp\/v2\/media?parent=9871"}],"curies":[{"name":"wp","href":"https:\/\/api.w.org\/{rel}","templated":true}]}}