{"id":9873,"date":"2024-03-27T14:59:03","date_gmt":"2024-03-27T13:59:03","guid":{"rendered":"https:\/\/mk-development.pl\/3d-prints\/"},"modified":"2024-04-07T09:54:39","modified_gmt":"2024-04-07T07:54:39","slug":"3d-prints","status":"publish","type":"page","link":"https:\/\/mk-development.pl\/en\/home\/3d-prints\/","title":{"rendered":"3D prints"},"content":{"rendered":"<div class=\"wpb-content-wrapper\"><p>[vc_row][vc_column][vc_row_inner equal_height=&#8221;yes&#8221; content_placement=&#8221;middle&#8221; woodmart_css_id=&#8221;6601d1e623478&#8243; responsive_spacing=&#8221;eyJwYXJhbV90eXBlIjoid29vZG1hcnRfcmVzcG9uc2l2ZV9zcGFjaW5nIiwic2VsZWN0b3JfaWQiOiI2NjAxZDFlNjIzNDc4Iiwic2hvcnRjb2RlIjoidmNfcm93X2lubmVyIiwiZGF0YSI6eyJ0YWJsZXQiOnt9LCJtb2JpbGUiOnt9fX0=&#8221; mobile_bg_img_hidden=&#8221;no&#8221; tablet_bg_img_hidden=&#8221;no&#8221; woodmart_parallax=&#8221;0&#8243; woodmart_gradient_switch=&#8221;no&#8221; woodmart_box_shadow=&#8221;no&#8221; wd_z_index=&#8221;no&#8221; woodmart_disable_overflow=&#8221;0&#8243; row_reverse_mobile=&#8221;0&#8243; row_reverse_tablet=&#8221;0&#8243; css=&#8221;.vc_custom_1711395307670{padding-bottom: 20px !important;}&#8221;][vc_column_inner width=&#8221;1\/2&#8243; css=&#8221;.vc_custom_1711394928698{padding-right: 10% !important;}&#8221; woodmart_css_id=&#8221;6601d066e674e&#8221; parallax_scroll=&#8221;no&#8221; woodmart_sticky_column=&#8221;false&#8221; wd_collapsible_content_switcher=&#8221;no&#8221; wd_column_role_offcanvas_desktop=&#8221;no&#8221; wd_column_role_offcanvas_tablet=&#8221;no&#8221; wd_column_role_offcanvas_mobile=&#8221;no&#8221; wd_column_role_content_desktop=&#8221;no&#8221; wd_column_role_content_tablet=&#8221;no&#8221; wd_column_role_content_mobile=&#8221;no&#8221; mobile_bg_img_hidden=&#8221;no&#8221; tablet_bg_img_hidden=&#8221;no&#8221; woodmart_parallax=&#8221;0&#8243; woodmart_box_shadow=&#8221;no&#8221; responsive_spacing=&#8221;eyJwYXJhbV90eXBlIjoid29vZG1hcnRfcmVzcG9uc2l2ZV9zcGFjaW5nIiwic2VsZWN0b3JfaWQiOiI2NjAxZDA2NmU2NzRlIiwic2hvcnRjb2RlIjoidmNfY29sdW1uX2lubmVyIiwiZGF0YSI6eyJ0YWJsZXQiOnt9LCJtb2JpbGUiOnsicGFkZGluZy1yaWdodCI6IjQlIiwicGFkZGluZy1sZWZ0IjoiNCUifX19&#8243; wd_z_index=&#8221;no&#8221;]\n\t\t<div id=\"wd-6604265676188\" class=\"title-wrapper wd-wpb set-mb-s reset-last-child  wd-rs-6604265676188 wd-title-color-primary wd-title-style-default text-left  wd-underline-colored\">\n\t\t\t\n\t\t\t<div class=\"liner-continer\">\n\t\t\t\t<h3 class=\"woodmart-title-container title  wd-font-weight- wd-fontsize-l\" >3D prints<\/h3>\n\t\t\t\t\t\t\t<\/div>\n\t\t\t\n\t\t\t\n\t\t\t\n\t\t<\/div>\n\t\t\n\t\t\t\t<div id=\"wd-6604266f47bd9\" class=\"wd-text-block wd-wpb reset-last-child wd-rs-6604266f47bd9 text-left \">\n\t\t\t<p>3D technology is ideal for creating functional prototypes, durable production tools and end-use parts in small quantities, and is also suitable for applications in the aviation and aerospace industry as well as other industries that rely on certified manufacturing.<\/p>\n<p>Thanks to 3D printing technology, we can materialize your designs, prototypes, forms and utility items.<\/p>\n\t\t<\/div>\n\t\t[\/vc_column_inner][vc_column_inner width=&#8221;1\/2&#8243;]\t\t<div id=\"wd-660427b402607\" class=\"wd-image wd-wpb wd-rs-660427b402607 text-center \">\n\t\t\t\n\t\t\t<img loading=\"lazy\" decoding=\"async\" width=\"500\" height=\"333\" src=\"https:\/\/mk-development.pl\/wp-content\/uploads\/2024\/03\/3d-do-strony.jpeg\" class=\"attachment-full size-full\" alt=\"\" srcset=\"https:\/\/mk-development.pl\/wp-content\/uploads\/2024\/03\/3d-do-strony.jpeg 500w, https:\/\/mk-development.pl\/wp-content\/uploads\/2024\/03\/3d-do-strony-430x286.jpeg 430w, https:\/\/mk-development.pl\/wp-content\/uploads\/2024\/03\/3d-do-strony-400x266.jpeg 400w\" sizes=\"auto, (max-width: 500px) 100vw, 500px\" \/>\n\t\t\t\t\t<\/div>\n\t\t[\/vc_column_inner][\/vc_row_inner][vc_row_inner equal_height=&#8221;yes&#8221; content_placement=&#8221;middle&#8221; woodmart_css_id=&#8221;66042c3999e54&#8243; responsive_spacing=&#8221;eyJwYXJhbV90eXBlIjoid29vZG1hcnRfcmVzcG9uc2l2ZV9zcGFjaW5nIiwic2VsZWN0b3JfaWQiOiI2NjA0MmMzOTk5ZTU0Iiwic2hvcnRjb2RlIjoidmNfcm93X2lubmVyIiwiZGF0YSI6eyJ0YWJsZXQiOnt9LCJtb2JpbGUiOnt9fX0=&#8221; mobile_bg_img_hidden=&#8221;no&#8221; tablet_bg_img_hidden=&#8221;no&#8221; woodmart_parallax=&#8221;0&#8243; woodmart_gradient_switch=&#8221;no&#8221; woodmart_box_shadow=&#8221;no&#8221; wd_z_index=&#8221;no&#8221; woodmart_disable_overflow=&#8221;0&#8243; row_reverse_mobile=&#8221;1&#8243; row_reverse_tablet=&#8221;1&#8243; css=&#8221;.vc_custom_1711549505190{padding-top: 20px !important;padding-bottom: 20px !important;}&#8221;][vc_column_inner width=&#8221;1\/2&#8243;]\t\t<div id=\"wd-660427c27d3b2\" class=\"wd-image wd-wpb wd-rs-660427c27d3b2 text-center \">\n\t\t\t\n\t\t\t<img loading=\"lazy\" decoding=\"async\" width=\"1759\" height=\"1165\" src=\"https:\/\/mk-development.pl\/wp-content\/uploads\/2024\/03\/3D-projeky.png\" class=\"attachment-full size-full\" alt=\"\" srcset=\"https:\/\/mk-development.pl\/wp-content\/uploads\/2024\/03\/3D-projeky.png 1759w, https:\/\/mk-development.pl\/wp-content\/uploads\/2024\/03\/3D-projeky-430x285.png 430w, https:\/\/mk-development.pl\/wp-content\/uploads\/2024\/03\/3D-projeky-700x464.png 700w, https:\/\/mk-development.pl\/wp-content\/uploads\/2024\/03\/3D-projeky-400x265.png 400w, https:\/\/mk-development.pl\/wp-content\/uploads\/2024\/03\/3D-projeky-1208x800.png 1208w, https:\/\/mk-development.pl\/wp-content\/uploads\/2024\/03\/3D-projeky-768x509.png 768w, https:\/\/mk-development.pl\/wp-content\/uploads\/2024\/03\/3D-projeky-1536x1017.png 1536w\" sizes=\"auto, (max-width: 1759px) 100vw, 1759px\" \/>\n\t\t\t\t\t<\/div>\n\t\t[\/vc_column_inner][vc_column_inner width=&#8221;1\/2&#8243; css=&#8221;.vc_custom_1711394917911{padding-left: 10% !important;}&#8221; woodmart_css_id=&#8221;6601d05d410ca&#8221; parallax_scroll=&#8221;no&#8221; woodmart_sticky_column=&#8221;false&#8221; wd_collapsible_content_switcher=&#8221;no&#8221; wd_column_role_offcanvas_desktop=&#8221;no&#8221; wd_column_role_offcanvas_tablet=&#8221;no&#8221; wd_column_role_offcanvas_mobile=&#8221;no&#8221; wd_column_role_content_desktop=&#8221;no&#8221; wd_column_role_content_tablet=&#8221;no&#8221; wd_column_role_content_mobile=&#8221;no&#8221; mobile_bg_img_hidden=&#8221;no&#8221; tablet_bg_img_hidden=&#8221;no&#8221; woodmart_parallax=&#8221;0&#8243; woodmart_box_shadow=&#8221;no&#8221; responsive_spacing=&#8221;eyJwYXJhbV90eXBlIjoid29vZG1hcnRfcmVzcG9uc2l2ZV9zcGFjaW5nIiwic2VsZWN0b3JfaWQiOiI2NjAxZDA1ZDQxMGNhIiwic2hvcnRjb2RlIjoidmNfY29sdW1uX2lubmVyIiwiZGF0YSI6eyJ0YWJsZXQiOnt9LCJtb2JpbGUiOnsicGFkZGluZy1yaWdodCI6IjQlIiwicGFkZGluZy1sZWZ0IjoiNCUifX19&#8243; wd_z_index=&#8221;no&#8221;]\n\t\t<div id=\"wd-660426d5253ed\" class=\"title-wrapper wd-wpb set-mb-s reset-last-child  wd-rs-660426d5253ed wd-title-color-primary wd-title-style-default text-left  wd-underline-colored\">\n\t\t\t\n\t\t\t<div class=\"liner-continer\">\n\t\t\t\t<h3 class=\"woodmart-title-container title  wd-font-weight- wd-fontsize-xl\" >FDM and DLP printers<\/h3>\n\t\t\t\t\t\t\t<\/div>\n\t\t\t\n\t\t\t\n\t\t\t\n\t\t<\/div>\n\t\t\n\t\t\t\t<div id=\"wd-660426b4149e4\" class=\"wd-text-block wd-wpb reset-last-child wd-rs-660426b4149e4 text-left \">\n\t\t\t<p>We have FDM printers that print with molten PLA, ABS, PETG plastic, maximum dimensions of the printed solid 220x220x220, and DLP printers that print in 7k resolution with a layer thickness of only 0.05 mm in size 298x164x300 mm.<\/p>\n\t\t<\/div>\n\t\t[\/vc_column_inner][\/vc_row_inner][vc_row_inner equal_height=&#8221;yes&#8221; content_placement=&#8221;middle&#8221; woodmart_css_id=&#8221;66042c460e161&#8243; responsive_spacing=&#8221;eyJwYXJhbV90eXBlIjoid29vZG1hcnRfcmVzcG9uc2l2ZV9zcGFjaW5nIiwic2VsZWN0b3JfaWQiOiI2NjA0MmM0NjBlMTYxIiwic2hvcnRjb2RlIjoidmNfcm93X2lubmVyIiwiZGF0YSI6eyJ0YWJsZXQiOnt9LCJtb2JpbGUiOnt9fX0=&#8221; mobile_bg_img_hidden=&#8221;no&#8221; tablet_bg_img_hidden=&#8221;no&#8221; woodmart_parallax=&#8221;0&#8243; woodmart_gradient_switch=&#8221;no&#8221; woodmart_box_shadow=&#8221;no&#8221; wd_z_index=&#8221;no&#8221; woodmart_disable_overflow=&#8221;0&#8243; row_reverse_mobile=&#8221;0&#8243; row_reverse_tablet=&#8221;0&#8243; css=&#8221;.vc_custom_1711549514400{padding-top: 20px !important;padding-bottom: 20px !important;}&#8221;][vc_column_inner width=&#8221;1\/2&#8243; css=&#8221;.vc_custom_1711394928698{padding-right: 10% !important;}&#8221; woodmart_css_id=&#8221;6601d066e674e&#8221; parallax_scroll=&#8221;no&#8221; woodmart_sticky_column=&#8221;false&#8221; wd_collapsible_content_switcher=&#8221;no&#8221; wd_column_role_offcanvas_desktop=&#8221;no&#8221; wd_column_role_offcanvas_tablet=&#8221;no&#8221; wd_column_role_offcanvas_mobile=&#8221;no&#8221; wd_column_role_content_desktop=&#8221;no&#8221; wd_column_role_content_tablet=&#8221;no&#8221; wd_column_role_content_mobile=&#8221;no&#8221; mobile_bg_img_hidden=&#8221;no&#8221; tablet_bg_img_hidden=&#8221;no&#8221; woodmart_parallax=&#8221;0&#8243; woodmart_box_shadow=&#8221;no&#8221; responsive_spacing=&#8221;eyJwYXJhbV90eXBlIjoid29vZG1hcnRfcmVzcG9uc2l2ZV9zcGFjaW5nIiwic2VsZWN0b3JfaWQiOiI2NjAxZDA2NmU2NzRlIiwic2hvcnRjb2RlIjoidmNfY29sdW1uX2lubmVyIiwiZGF0YSI6eyJ0YWJsZXQiOnt9LCJtb2JpbGUiOnsicGFkZGluZy1yaWdodCI6IjQlIiwicGFkZGluZy1sZWZ0IjoiNCUifX19&#8243; wd_z_index=&#8221;no&#8221;]\n\t\t<div id=\"wd-660426f69f1a8\" class=\"title-wrapper wd-wpb set-mb-s reset-last-child  wd-rs-660426f69f1a8 wd-title-color-primary wd-title-style-default text-left  wd-underline-colored\">\n\t\t\t\n\t\t\t<div class=\"liner-continer\">\n\t\t\t\t<h3 class=\"woodmart-title-container title  wd-font-weight- wd-fontsize-xl\" >Application<\/h3>\n\t\t\t\t\t\t\t<\/div>\n\t\t\t\n\t\t\t\n\t\t\t\n\t\t<\/div>\n\t\t\n\t\t\t\t<div id=\"wd-66124684bebb0\" class=\"wd-text-block wd-wpb reset-last-child wd-rs-66124684bebb0 text-left \">\n\t\t\t<p>A wide range of available resins enables the creation of prints for a broad usage, from modeling and personalized gadgets to jewelry and dental prostheses. Engineering resins possessing very high parameters are suitable to produce ready-made components for the industry.<\/p>\n\t\t<\/div>\n\t\t[\/vc_column_inner][vc_column_inner width=&#8221;1\/2&#8243;]\t\t<div id=\"gallery_847\" class=\"wd-images-gallery wd-wpb wd-rs-660428ee3b39c photoswipe-images wd-carousel-container wd-wpb\" style=\"--wd-justify-content:center;--wd-align-items:center;\">\n\t\t\t\t\t\t\t<div class=\"wd-carousel-inner\">\n\t\t\t\n\t\t\t<div class=\" wd-carousel wd-grid\"data-speed=\"3000\" data-wrap=\"yes\" data-autoplay=\"yes\" data-scroll_per_page=\"yes\" style=\"--wd-col-lg:1;--wd-col-md:1;--wd-col-sm:1;--wd-gap-lg:0px;\">\n\t\t\t\t\t\t\t\t\t<div class=\"wd-carousel-wrap\">\n\t\t\t\t\n\t\t\t\t\t\t\t\t\t\t\t\t\t\t\t<div class=\"wd-gallery-item wd-carousel-item\">\n\t\t\t\t\t\t\t\t\t\t\t\t\t\t<a href=\"https:\/\/mk-development.pl\/wp-content\/uploads\/2024\/03\/3d-zdjecie-1.jpeg\" data-elementor-open-lightbox=\"no\" data-index=\"1\" data-width=\"1284\" data-height=\"722\" \n\t\t\t\t\t\t\t\t\t\t\t\t >\n\t\t\t\t\t\t\t\t\n\t\t\t\t\t\t\t\t<img loading=\"lazy\" decoding=\"async\" width=\"1284\" height=\"722\" src=\"https:\/\/mk-development.pl\/wp-content\/uploads\/2024\/03\/3d-zdjecie-1.jpeg\" class=\"wd-gallery-image image-1\" alt=\"\" srcset=\"https:\/\/mk-development.pl\/wp-content\/uploads\/2024\/03\/3d-zdjecie-1.jpeg 1284w, https:\/\/mk-development.pl\/wp-content\/uploads\/2024\/03\/3d-zdjecie-1-430x242.jpeg 430w, https:\/\/mk-development.pl\/wp-content\/uploads\/2024\/03\/3d-zdjecie-1-700x394.jpeg 700w, https:\/\/mk-development.pl\/wp-content\/uploads\/2024\/03\/3d-zdjecie-1-400x225.jpeg 400w, https:\/\/mk-development.pl\/wp-content\/uploads\/2024\/03\/3d-zdjecie-1-768x432.jpeg 768w\" sizes=\"auto, (max-width: 1284px) 100vw, 1284px\" \/>\n\t\t\t\t\t\t\t\t\t\t\t\t\t\t\t<\/a>\n\t\t\t\t\t\t\t\t\t\t\t\t<\/div>\n\t\t\t\t\t\t\t\t\t\t\t<div class=\"wd-gallery-item wd-carousel-item\">\n\t\t\t\t\t\t\t\t\t\t\t\t\t\t<a href=\"https:\/\/mk-development.pl\/wp-content\/uploads\/2024\/03\/3d-szczena-kopia-1.jpg\" data-elementor-open-lightbox=\"no\" data-index=\"2\" data-width=\"750\" data-height=\"422\" \n\t\t\t\t\t\t\t\t\t\t\t\t >\n\t\t\t\t\t\t\t\t\n\t\t\t\t\t\t\t\t<img loading=\"lazy\" decoding=\"async\" width=\"750\" height=\"422\" src=\"https:\/\/mk-development.pl\/wp-content\/uploads\/2024\/03\/3d-szczena-kopia-1.jpg\" class=\"wd-gallery-image image-2\" alt=\"\" srcset=\"https:\/\/mk-development.pl\/wp-content\/uploads\/2024\/03\/3d-szczena-kopia-1.jpg 750w, https:\/\/mk-development.pl\/wp-content\/uploads\/2024\/03\/3d-szczena-kopia-1-430x242.jpg 430w, https:\/\/mk-development.pl\/wp-content\/uploads\/2024\/03\/3d-szczena-kopia-1-700x394.jpg 700w, https:\/\/mk-development.pl\/wp-content\/uploads\/2024\/03\/3d-szczena-kopia-1-400x225.jpg 400w\" sizes=\"auto, (max-width: 750px) 100vw, 750px\" \/>\n\t\t\t\t\t\t\t\t\t\t\t\t\t\t\t<\/a>\n\t\t\t\t\t\t\t\t\t\t\t\t<\/div>\n\t\t\t\t\t\t\t\t\t\n\t\t\t\t\t\t\t\t\t<\/div>\n\t\t\t\t\t\t\t<\/div>\n\n\t\t\t\t\t\t\t\t\t\t\t\t\t\t<div class=\"wd-nav-arrows wd-pos-sep wd-hover-1 wd-icon-1\">\n\t\t\t<div class=\"wd-btn-arrow wd-prev wd-disabled\">\n\t\t\t\t<div class=\"wd-arrow-inner\"><\/div>\n\t\t\t<\/div>\n\t\t\t<div class=\"wd-btn-arrow wd-next\">\n\t\t\t\t<div class=\"wd-arrow-inner\"><\/div>\n\t\t\t<\/div>\n\t\t<\/div>\n\t\t\t\t\t\t\n\t\t\t\t<\/div>\n\n\t\t\t\t\t\t<div class=\"wd-nav-pagin-wrap text-center wd-style-shape wd-hide-md-sm wd-hide-sm\">\n\t\t\t<ul class=\"wd-nav-pagin\"><\/ul>\n\t\t<\/div>\n\t\t\t\t\t\t\t\t\t\t\t<\/div>\n\t\t[\/vc_column_inner][\/vc_row_inner][\/vc_column][\/vc_row][vc_row css=&#8221;.vc_custom_1711548182410{padding-top: 80px !important;padding-bottom: 60px !important;}&#8221; woodmart_css_id=&#8221;660427110ec54&#8243; responsive_spacing=&#8221;eyJwYXJhbV90eXBlIjoid29vZG1hcnRfcmVzcG9uc2l2ZV9zcGFjaW5nIiwic2VsZWN0b3JfaWQiOiI2NjA0MjcxMTBlYzU0Iiwic2hvcnRjb2RlIjoidmNfcm93IiwiZGF0YSI6eyJ0YWJsZXQiOnt9LCJtb2JpbGUiOnsicGFkZGluZy10b3AiOiIzMHB4IiwicGFkZGluZy1ib3R0b20iOiIzMHB4In19fQ==&#8221; mobile_bg_img_hidden=&#8221;no&#8221; tablet_bg_img_hidden=&#8221;no&#8221; woodmart_parallax=&#8221;0&#8243; woodmart_gradient_switch=&#8221;no&#8221; woodmart_box_shadow=&#8221;no&#8221; wd_z_index=&#8221;no&#8221; woodmart_disable_overflow=&#8221;0&#8243; row_reverse_mobile=&#8221;0&#8243; row_reverse_tablet=&#8221;0&#8243;][vc_column width=&#8221;1\/6&#8243;][\/vc_column][vc_column width=&#8221;2\/3&#8243;]\n\t\t<div id=\"wd-660427210dff8\" class=\"title-wrapper wd-wpb set-mb-s reset-last-child  wd-rs-660427210dff8 wd-title-color-primary wd-title-style-default text-center  wd-underline-colored\">\n\t\t\t\n\t\t\t<div class=\"liner-continer\">\n\t\t\t\t<h3 class=\"woodmart-title-container title  wd-font-weight- wd-fontsize-xl\" >Custom design<\/h3>\n\t\t\t\t\t\t\t<\/div>\n\t\t\t\n\t\t\t\n\t\t\t\n\t\t<\/div>\n\t\t\n\t\t\t\t<div id=\"wd-660c4f682f558\" class=\"wd-text-block wd-wpb reset-last-child wd-rs-660c4f682f558 text-left \">\n\t\t\t<p style=\"text-align: center;\">We can also create a project for you in line with your expectations or use reverse engineering to make a damaged or missing part &#8211; in this case, please contact us via email.<\/p>\n<p style=\"text-align: center;\"><strong>Send us a 3D file in .stl or .obj format for a free quote.<\/strong><\/p>\n<p style=\"text-align: center;\"><a href=\"mailto:kontakt@mk-development.pl\"><strong>kontakt@mk-development.pl<\/strong><\/a><\/p>\n\t\t<\/div>\n\t\t[\/vc_column][vc_column width=&#8221;1\/6&#8243;][\/vc_column][\/vc_row][vc_row css=&#8221;.vc_custom_1711395262680{padding-top: 60px !important;padding-bottom: 80px !important;}&#8221; woodmart_css_id=&#8221;6601d1b82a34e&#8221; responsive_spacing=&#8221;eyJwYXJhbV90eXBlIjoid29vZG1hcnRfcmVzcG9uc2l2ZV9zcGFjaW5nIiwic2VsZWN0b3JfaWQiOiI2NjAxZDFiODJhMzRlIiwic2hvcnRjb2RlIjoidmNfcm93IiwiZGF0YSI6eyJ0YWJsZXQiOnt9LCJtb2JpbGUiOnsicGFkZGluZy10b3AiOiI0MHB4IiwicGFkZGluZy1ib3R0b20iOiIyMHB4In19fQ==&#8221; mobile_bg_img_hidden=&#8221;no&#8221; tablet_bg_img_hidden=&#8221;no&#8221; woodmart_parallax=&#8221;0&#8243; woodmart_gradient_switch=&#8221;no&#8221; woodmart_box_shadow=&#8221;no&#8221; wd_z_index=&#8221;no&#8221; woodmart_disable_overflow=&#8221;0&#8243; row_reverse_mobile=&#8221;0&#8243; row_reverse_tablet=&#8221;0&#8243;][vc_column woodmart_css_id=&#8221;65d3acf87f4c2&#8243; parallax_scroll=&#8221;no&#8221; woodmart_sticky_column=&#8221;false&#8221; wd_collapsible_content_switcher=&#8221;no&#8221; wd_column_role_offcanvas_desktop=&#8221;no&#8221; wd_column_role_offcanvas_tablet=&#8221;no&#8221; wd_column_role_offcanvas_mobile=&#8221;no&#8221; wd_column_role_content_desktop=&#8221;no&#8221; wd_column_role_content_tablet=&#8221;no&#8221; wd_column_role_content_mobile=&#8221;no&#8221; mobile_bg_img_hidden=&#8221;no&#8221; tablet_bg_img_hidden=&#8221;no&#8221; woodmart_parallax=&#8221;0&#8243; woodmart_box_shadow=&#8221;no&#8221; responsive_spacing=&#8221;eyJwYXJhbV90eXBlIjoid29vZG1hcnRfcmVzcG9uc2l2ZV9zcGFjaW5nIiwic2VsZWN0b3JfaWQiOiI2NWQzYWNmODdmNGMyIiwic2hvcnRjb2RlIjoidmNfY29sdW1uIiwiZGF0YSI6eyJ0YWJsZXQiOnt9LCJtb2JpbGUiOnsicGFkZGluZy1yaWdodCI6IjUlIiwicGFkZGluZy1sZWZ0IjoiNSUifX19&#8243; mobile_reset_margin=&#8221;no&#8221; tablet_reset_margin=&#8221;no&#8221; wd_z_index=&#8221;no&#8221;]\n\t\t<div id=\"wd-65d3a073147c1\" class=\"title-wrapper wd-wpb set-mb-s reset-last-child  wd-rs-65d3a073147c1 wd-title-color-primary wd-title-style-default text-center  wd-underline-colored\">\n\t\t\t\n\t\t\t<div class=\"liner-continer\">\n\t\t\t\t<h2 class=\"woodmart-title-container title  wd-font-weight- wd-fontsize-l\" >Contact form<\/h2>\n\t\t\t\t\t\t\t<\/div>\n\t\t\t\n\t\t\t\n\t\t\t\n\t\t<\/div>\n\t\t\n\t\t[vc_row_inner][vc_column_inner width=&#8221;1\/12&#8243;][\/vc_column_inner][vc_column_inner width=&#8221;5\/6&#8243;]\n<div class=\"wpcf7 no-js\" id=\"wpcf7-f9922-o1\" lang=\"en-US\" dir=\"ltr\">\n<div class=\"screen-reader-response\"><p role=\"status\" aria-live=\"polite\" aria-atomic=\"true\"><\/p> <ul><\/ul><\/div>\n<form action=\"\/en\/wp-json\/wp\/v2\/pages\/9873#wpcf7-f9922-o1\" method=\"post\" class=\"wpcf7-form init wd-style-with-bg\" aria-label=\"Contact form\" novalidate=\"novalidate\" data-status=\"init\">\n<div style=\"display: none;\">\n<input type=\"hidden\" name=\"_wpcf7\" value=\"9922\" \/>\n<input type=\"hidden\" name=\"_wpcf7_version\" value=\"5.9.3\" \/>\n<input type=\"hidden\" name=\"_wpcf7_locale\" value=\"en_US\" \/>\n<input type=\"hidden\" name=\"_wpcf7_unit_tag\" value=\"wpcf7-f9922-o1\" \/>\n<input type=\"hidden\" name=\"_wpcf7_container_post\" value=\"0\" \/>\n<input type=\"hidden\" name=\"_wpcf7_posted_data_hash\" value=\"\" \/>\n<input type=\"hidden\" name=\"_wpcf7_recaptcha_response\" value=\"\" \/>\n<\/div>\n<div class=\"row\">\n\t<div class=\"col-md-6\">\n\t\t<p><label>Name<\/label><span class=\"wpcf7-form-control-wrap\" data-name=\"your-name\"><input size=\"40\" class=\"wpcf7-form-control wpcf7-text wpcf7-validates-as-required\" aria-required=\"true\" aria-invalid=\"false\" value=\"\" type=\"text\" name=\"your-name\" \/><\/span><br \/>\n<label>Telephone number<\/label><span class=\"wpcf7-form-control-wrap\" data-name=\"tel-767\"><input size=\"40\" class=\"wpcf7-form-control wpcf7-tel wpcf7-text wpcf7-validates-as-tel\" aria-invalid=\"false\" value=\"\" type=\"tel\" name=\"tel-767\" \/><\/span><br \/>\n<label>E-mail address<\/label><span class=\"wpcf7-form-control-wrap\" data-name=\"your-email\"><input size=\"40\" class=\"wpcf7-form-control wpcf7-email wpcf7-validates-as-required wpcf7-text wpcf7-validates-as-email\" aria-required=\"true\" aria-invalid=\"false\" value=\"\" type=\"email\" name=\"your-email\" \/><\/span>\n\t\t<\/p>\n\t<\/div>\n\t<div class=\"col-md-6\">\n\t\t<p><label>Message<\/label><span class=\"wpcf7-form-control-wrap\" data-name=\"your-message\"><textarea cols=\"40\" rows=\"10\" class=\"wpcf7-form-control wpcf7-textarea\" aria-invalid=\"false\" name=\"your-message\"><\/textarea><\/span>\n\t\t<\/p>\n\t<\/div>\n<\/div>\n<p><span class=\"wpcf7-form-control-wrap\" data-name=\"acceptance-840\"><span class=\"wpcf7-form-control wpcf7-acceptance optional\"><span class=\"wpcf7-list-item\"><label><input type=\"checkbox\" name=\"acceptance-840\" value=\"1\" aria-invalid=\"false\" \/><span class=\"wpcf7-list-item-label\">I consent to the processing of my personal data by Mk Design & Development Marek Kukie\u0142ka with its registered office in \u0141\u00f3d\u017a (93-339), 72 Przednia Street, entered into the Register of Entrepreneurs of the National Court Register kept by the District Court for \u0141\u00f3d\u017a-\u015ar\u00f3dmie\u015bcie in \u0141\u00f3d\u017a XX Economic Division of the National Court Register under NIP: 7251316997, REGON: 014887995 (\"Data Administrator\") my personal data in the form of name and surname, e-mail address and telephone number (if provided) for the purpose of correspondence, including ongoing communication related to the enquiries directed through the contact form by means of electronic communication, pursuant to the provision of art. 10(1) and (2) of the Act on the provision of services by electronic means or by means of telecommunication terminal equipment within the meaning of the Telecommunications Law (e.g. enquiries concerning premises in which you are interested or enquiries about current investments), which constitutes a legitimate interest of the Data Controller (legal basis for data processing: art. 6(1)(f) RODO)\u00a0<a href=\"\/en\/privacy-policy\/\">Learn more <\/a>*<\/span><\/label><\/span><\/span><\/span>\n<\/p>\n<p><input class=\"wpcf7-form-control wpcf7-submit has-spinner btn-color-black\" type=\"submit\" value=\"Send a message\" \/>\n<\/p><div class=\"wpcf7-response-output\" aria-hidden=\"true\"><\/div>\n<\/form>\n<\/div>\n[\/vc_column_inner][vc_column_inner width=&#8221;1\/12&#8243;][\/vc_column_inner][\/vc_row_inner][\/vc_column][\/vc_row]<\/p>\n<\/div>","protected":false},"excerpt":{"rendered":"<p>[vc_row][vc_column][vc_row_inner equal_height=&#8221;yes&#8221; content_placement=&#8221;middle&#8221; woodmart_css_id=&#8221;6601d1e623478&#8243; responsive_spacing=&#8221;eyJwYXJhbV90eXBlIjoid29vZG1hcnRfcmVzcG9uc2l2ZV9zcGFjaW5nIiwic2VsZWN0b3JfaWQiOiI2NjAxZDFlNjIzNDc4Iiwic2hvcnRjb2RlIjoidmNfcm93X2lubmVyIiwiZGF0YSI6eyJ0YWJsZXQiOnt9LCJtb2JpbGUiOnt9fX0=&#8221; mobile_bg_img_hidden=&#8221;no&#8221; tablet_bg_img_hidden=&#8221;no&#8221; woodmart_parallax=&#8221;0&#8243; woodmart_gradient_switch=&#8221;no&#8221; woodmart_box_shadow=&#8221;no&#8221; wd_z_index=&#8221;no&#8221; woodmart_disable_overflow=&#8221;0&#8243; row_reverse_mobile=&#8221;0&#8243; row_reverse_tablet=&#8221;0&#8243; css=&#8221;.vc_custom_1711395307670{padding-bottom: 20px !important;}&#8221;][vc_column_inner width=&#8221;1\/2&#8243; css=&#8221;.vc_custom_1711394928698{padding-right: 10%<\/p>\n","protected":false},"author":1,"featured_media":0,"parent":9884,"menu_order":0,"comment_status":"closed","ping_status":"closed","template":"","meta":{"om_disable_all_campaigns":false,"_monsterinsights_skip_tracking":false,"_monsterinsights_sitenote_active":false,"_monsterinsights_sitenote_note":"","_monsterinsights_sitenote_category":0,"footnotes":""},"class_list":["post-9873","page","type-page","status-publish","hentry"],"aioseo_notices":[],"_links":{"self":[{"href":"https:\/\/mk-development.pl\/en\/wp-json\/wp\/v2\/pages\/9873","targetHints":{"allow":["GET"]}}],"collection":[{"href":"https:\/\/mk-development.pl\/en\/wp-json\/wp\/v2\/pages"}],"about":[{"href":"https:\/\/mk-development.pl\/en\/wp-json\/wp\/v2\/types\/page"}],"author":[{"embeddable":true,"href":"https:\/\/mk-development.pl\/en\/wp-json\/wp\/v2\/users\/1"}],"replies":[{"embeddable":true,"href":"https:\/\/mk-development.pl\/en\/wp-json\/wp\/v2\/comments?post=9873"}],"version-history":[{"count":4,"href":"https:\/\/mk-development.pl\/en\/wp-json\/wp\/v2\/pages\/9873\/revisions"}],"predecessor-version":[{"id":9926,"href":"https:\/\/mk-development.pl\/en\/wp-json\/wp\/v2\/pages\/9873\/revisions\/9926"}],"up":[{"embeddable":true,"href":"https:\/\/mk-development.pl\/en\/wp-json\/wp\/v2\/pages\/9884"}],"wp:attachment":[{"href":"https:\/\/mk-development.pl\/en\/wp-json\/wp\/v2\/media?parent=9873"}],"curies":[{"name":"wp","href":"https:\/\/api.w.org\/{rel}","templated":true}]}}