{"id":9899,"date":"2024-03-25T19:34:21","date_gmt":"2024-03-25T18:34:21","guid":{"rendered":"https:\/\/mk-development.pl\/cabinet-with-fronts\/"},"modified":"2024-04-07T09:58:37","modified_gmt":"2024-04-07T07:58:37","slug":"cabinet-with-fronts","status":"publish","type":"page","link":"https:\/\/mk-development.pl\/en\/our-projects\/cabinet-with-fronts\/","title":{"rendered":"Cabinet with fronts"},"content":{"rendered":"<div class=\"wpb-content-wrapper\"><p>[vc_row css=&#8221;.vc_custom_1708379555385{padding-top: 20px !important;padding-bottom: 40px !important;}&#8221; woodmart_css_id=&#8221;65d3cd91ee71f&#8221; responsive_spacing=&#8221;eyJwYXJhbV90eXBlIjoid29vZG1hcnRfcmVzcG9uc2l2ZV9zcGFjaW5nIiwic2VsZWN0b3JfaWQiOiI2NWQzY2Q5MWVlNzFmIiwic2hvcnRjb2RlIjoidmNfcm93IiwiZGF0YSI6eyJ0YWJsZXQiOnsicGFkZGluZy10b3AiOiIyMHB4IiwicGFkZGluZy1yaWdodCI6IjExJSIsInBhZGRpbmctYm90dG9tIjoiNDBweCIsInBhZGRpbmctbGVmdCI6IjExJSJ9LCJtb2JpbGUiOnsicGFkZGluZy10b3AiOiIxMHB4IiwicGFkZGluZy1yaWdodCI6IjFweCIsInBhZGRpbmctYm90dG9tIjoiNDBweCIsInBhZGRpbmctbGVmdCI6IjFweCJ9fX0=&#8221; mobile_bg_img_hidden=&#8221;no&#8221; tablet_bg_img_hidden=&#8221;no&#8221; woodmart_parallax=&#8221;0&#8243; woodmart_gradient_switch=&#8221;no&#8221; woodmart_box_shadow=&#8221;no&#8221; wd_z_index=&#8221;no&#8221; woodmart_disable_overflow=&#8221;0&#8243; row_reverse_mobile=&#8221;0&#8243; row_reverse_tablet=&#8221;0&#8243;][vc_column offset=&#8221;vc_col-lg-6 vc_col-xs-12&#8243; woodmart_css_id=&#8221;65d3cd3bad55e&#8221; parallax_scroll=&#8221;no&#8221; woodmart_sticky_column=&#8221;false&#8221; wd_collapsible_content_switcher=&#8221;no&#8221; wd_column_role_offcanvas_desktop=&#8221;no&#8221; wd_column_role_offcanvas_tablet=&#8221;no&#8221; wd_column_role_offcanvas_mobile=&#8221;no&#8221; wd_column_role_content_desktop=&#8221;no&#8221; wd_column_role_content_tablet=&#8221;no&#8221; wd_column_role_content_mobile=&#8221;no&#8221; mobile_bg_img_hidden=&#8221;no&#8221; tablet_bg_img_hidden=&#8221;no&#8221; woodmart_parallax=&#8221;0&#8243; woodmart_box_shadow=&#8221;no&#8221; responsive_spacing=&#8221;eyJwYXJhbV90eXBlIjoid29vZG1hcnRfcmVzcG9uc2l2ZV9zcGFjaW5nIiwic2VsZWN0b3JfaWQiOiI2NWQzY2QzYmFkNTVlIiwic2hvcnRjb2RlIjoidmNfY29sdW1uIiwiZGF0YSI6eyJ0YWJsZXQiOnt9LCJtb2JpbGUiOnt9fX0=&#8221; mobile_reset_margin=&#8221;no&#8221; tablet_reset_margin=&#8221;no&#8221; wd_z_index=&#8221;no&#8221;][vc_row_inner css=&#8221;.vc_custom_1708379564954{padding-right: 5% !important;padding-left: 5% !important;}&#8221; woodmart_css_id=&#8221;65d3cda716279&#8243; responsive_spacing=&#8221;eyJwYXJhbV90eXBlIjoid29vZG1hcnRfcmVzcG9uc2l2ZV9zcGFjaW5nIiwic2VsZWN0b3JfaWQiOiI2NWQzY2RhNzE2Mjc5Iiwic2hvcnRjb2RlIjoidmNfcm93X2lubmVyIiwiZGF0YSI6eyJ0YWJsZXQiOnt9LCJtb2JpbGUiOnsicGFkZGluZy1yaWdodCI6IjFweCIsInBhZGRpbmctbGVmdCI6IjFweCJ9fX0=&#8221; mobile_bg_img_hidden=&#8221;no&#8221; tablet_bg_img_hidden=&#8221;no&#8221; woodmart_parallax=&#8221;0&#8243; woodmart_gradient_switch=&#8221;no&#8221; woodmart_box_shadow=&#8221;no&#8221; wd_z_index=&#8221;no&#8221; woodmart_disable_overflow=&#8221;0&#8243; row_reverse_mobile=&#8221;0&#8243; row_reverse_tablet=&#8221;0&#8243;][vc_column_inner]\n\t\t<div id=\"wd-660c4a90b075b\" class=\"title-wrapper wd-wpb set-mb-s reset-last-child  wd-rs-660c4a90b075b wd-title-color-primary wd-title-style-default text-left  wd-underline-colored\">\n\t\t\t\n\t\t\t<div class=\"liner-continer\">\n\t\t\t\t<h1 class=\"woodmart-title-container title  wd-font-weight- wd-fontsize-l\" >Cabinet 6.40\/4.40m<\/h1>\n\t\t\t\t\t\t\t<\/div>\n\t\t\t\n\t\t\t\n\t\t\t\n\t\t<\/div>\n\t\t\n\t\t[\/vc_column_inner][\/vc_row_inner][\/vc_column][vc_column offset=&#8221;vc_col-lg-6 vc_col-xs-12&#8243; woodmart_css_id=&#8221;65d3cd4775c5c&#8221; parallax_scroll=&#8221;no&#8221; woodmart_sticky_column=&#8221;false&#8221; wd_collapsible_content_switcher=&#8221;no&#8221; wd_column_role_offcanvas_desktop=&#8221;no&#8221; wd_column_role_offcanvas_tablet=&#8221;no&#8221; wd_column_role_offcanvas_mobile=&#8221;no&#8221; wd_column_role_content_desktop=&#8221;no&#8221; wd_column_role_content_tablet=&#8221;no&#8221; wd_column_role_content_mobile=&#8221;no&#8221; mobile_bg_img_hidden=&#8221;no&#8221; tablet_bg_img_hidden=&#8221;no&#8221; woodmart_parallax=&#8221;0&#8243; woodmart_box_shadow=&#8221;no&#8221; responsive_spacing=&#8221;eyJwYXJhbV90eXBlIjoid29vZG1hcnRfcmVzcG9uc2l2ZV9zcGFjaW5nIiwic2VsZWN0b3JfaWQiOiI2NWQzY2Q0Nzc1YzVjIiwic2hvcnRjb2RlIjoidmNfY29sdW1uIiwiZGF0YSI6eyJ0YWJsZXQiOnt9LCJtb2JpbGUiOnt9fX0=&#8221; mobile_reset_margin=&#8221;no&#8221; tablet_reset_margin=&#8221;no&#8221; wd_z_index=&#8221;no&#8221;][vc_row_inner woodmart_css_id=&#8221;65d3cca39336c&#8221; responsive_spacing=&#8221;eyJwYXJhbV90eXBlIjoid29vZG1hcnRfcmVzcG9uc2l2ZV9zcGFjaW5nIiwic2VsZWN0b3JfaWQiOiI2NWQzY2NhMzkzMzZjIiwic2hvcnRjb2RlIjoidmNfcm93X2lubmVyIiwiZGF0YSI6eyJ0YWJsZXQiOnsicGFkZGluZy1yaWdodCI6IjExJSIsInBhZGRpbmctbGVmdCI6IjExJSJ9LCJtb2JpbGUiOnsicGFkZGluZy1yaWdodCI6IjUlIiwicGFkZGluZy1sZWZ0IjoiNSUifX19&#8243; mobile_bg_img_hidden=&#8221;no&#8221; tablet_bg_img_hidden=&#8221;no&#8221; woodmart_parallax=&#8221;0&#8243; woodmart_gradient_switch=&#8221;no&#8221; woodmart_box_shadow=&#8221;no&#8221; wd_z_index=&#8221;no&#8221; woodmart_disable_overflow=&#8221;0&#8243; row_reverse_mobile=&#8221;0&#8243; row_reverse_tablet=&#8221;0&#8243; css=&#8221;.vc_custom_1708379330618{padding-right: 5% !important;padding-left: 5% !important;}&#8221;][vc_column_inner woodmart_css_id=&#8221;65d3ccfb64fff&#8221; parallax_scroll=&#8221;no&#8221; woodmart_sticky_column=&#8221;false&#8221; wd_collapsible_content_switcher=&#8221;no&#8221; wd_column_role_offcanvas_desktop=&#8221;no&#8221; wd_column_role_offcanvas_tablet=&#8221;no&#8221; wd_column_role_offcanvas_mobile=&#8221;no&#8221; wd_column_role_content_desktop=&#8221;no&#8221; wd_column_role_content_tablet=&#8221;no&#8221; wd_column_role_content_mobile=&#8221;no&#8221; mobile_bg_img_hidden=&#8221;no&#8221; tablet_bg_img_hidden=&#8221;no&#8221; woodmart_parallax=&#8221;0&#8243; woodmart_box_shadow=&#8221;no&#8221; responsive_spacing=&#8221;eyJwYXJhbV90eXBlIjoid29vZG1hcnRfcmVzcG9uc2l2ZV9zcGFjaW5nIiwic2VsZWN0b3JfaWQiOiI2NWQzY2NmYjY0ZmZmIiwic2hvcnRjb2RlIjoidmNfY29sdW1uX2lubmVyIiwiZGF0YSI6eyJ0YWJsZXQiOnt9LCJtb2JpbGUiOnt9fX0=&#8221; wd_z_index=&#8221;no&#8221;]\t\t<div id=\"wd-6601c30a819f2\" class=\"wd-text-block wd-wpb reset-last-child wd-rs-6601c30a819f2 text-left \">\n\t\t\t<p>Project in a former school building, wardrobe with fronts on two sides instead of a wall 6.40 x 4.40 m.<\/p>\n\t\t<\/div>\n\t\t[\/vc_column_inner][\/vc_row_inner][\/vc_column][\/vc_row][vc_row][vc_column]\t\t<div id=\"gallery_957\" class=\"wd-images-gallery wd-wpb wd-rs-660c4ab915b0c photoswipe-images\" style=\"--wd-justify-content:center;--wd-align-items:center;\">\n\t\t\t\n\t\t\t<div class=\" wd-grid-g\" style=\"--wd-col-lg:1;--wd-col-md:1;--wd-col-sm:1;--wd-gap-lg:30px;--wd-gap-sm:10px;\">\n\t\t\t\t\n\t\t\t\t\t\t\t\t\t\t\t\t\t\t\t<div class=\"wd-gallery-item wd-col\">\n\t\t\t\t\t\t\t\t\t\t\t\t\t\t<a href=\"https:\/\/mk-development.pl\/wp-content\/uploads\/2024\/03\/2.jpg\" data-elementor-open-lightbox=\"no\" data-index=\"1\" data-width=\"1500\" data-height=\"1120\" \n\t\t\t\t\t\t\t\t\t\t\t\t >\n\t\t\t\t\t\t\t\t\n\t\t\t\t\t\t\t\t<img loading=\"lazy\" decoding=\"async\" width=\"1500\" height=\"1120\" src=\"https:\/\/mk-development.pl\/wp-content\/uploads\/2024\/03\/2.jpg\" class=\"wd-gallery-image image-1\" alt=\"\" srcset=\"https:\/\/mk-development.pl\/wp-content\/uploads\/2024\/03\/2.jpg 1500w, https:\/\/mk-development.pl\/wp-content\/uploads\/2024\/03\/2-430x321.jpg 430w, https:\/\/mk-development.pl\/wp-content\/uploads\/2024\/03\/2-700x523.jpg 700w, https:\/\/mk-development.pl\/wp-content\/uploads\/2024\/03\/2-400x300.jpg 400w, https:\/\/mk-development.pl\/wp-content\/uploads\/2024\/03\/2-1071x800.jpg 1071w, https:\/\/mk-development.pl\/wp-content\/uploads\/2024\/03\/2-768x573.jpg 768w, https:\/\/mk-development.pl\/wp-content\/uploads\/2024\/03\/2-860x642.jpg 860w\" sizes=\"auto, (max-width: 1500px) 100vw, 1500px\" \/>\n\t\t\t\t\t\t\t\t\t\t\t\t\t\t\t<\/a>\n\t\t\t\t\t\t\t\t\t\t\t\t<\/div>\n\t\t\t\t\t\t\t\t\t\t\t<div class=\"wd-gallery-item wd-col\">\n\t\t\t\t\t\t\t\t\t\t\t\t\t\t<a href=\"https:\/\/mk-development.pl\/wp-content\/uploads\/2024\/03\/1.jpg\" data-elementor-open-lightbox=\"no\" data-index=\"2\" data-width=\"1500\" data-height=\"1120\" \n\t\t\t\t\t\t\t\t\t\t\t\t >\n\t\t\t\t\t\t\t\t\n\t\t\t\t\t\t\t\t<img loading=\"lazy\" decoding=\"async\" width=\"1500\" height=\"1120\" src=\"https:\/\/mk-development.pl\/wp-content\/uploads\/2024\/03\/1.jpg\" class=\"wd-gallery-image image-2\" alt=\"\" srcset=\"https:\/\/mk-development.pl\/wp-content\/uploads\/2024\/03\/1.jpg 1500w, https:\/\/mk-development.pl\/wp-content\/uploads\/2024\/03\/1-430x321.jpg 430w, https:\/\/mk-development.pl\/wp-content\/uploads\/2024\/03\/1-700x523.jpg 700w, https:\/\/mk-development.pl\/wp-content\/uploads\/2024\/03\/1-400x300.jpg 400w, https:\/\/mk-development.pl\/wp-content\/uploads\/2024\/03\/1-1071x800.jpg 1071w, https:\/\/mk-development.pl\/wp-content\/uploads\/2024\/03\/1-768x573.jpg 768w, https:\/\/mk-development.pl\/wp-content\/uploads\/2024\/03\/1-860x642.jpg 860w\" sizes=\"auto, (max-width: 1500px) 100vw, 1500px\" \/>\n\t\t\t\t\t\t\t\t\t\t\t\t\t\t\t<\/a>\n\t\t\t\t\t\t\t\t\t\t\t\t<\/div>\n\t\t\t\t\t\t\t\t\t\t\t<div class=\"wd-gallery-item wd-col\">\n\t\t\t\t\t\t\t\t\t\t\t\t\t\t<a href=\"https:\/\/mk-development.pl\/wp-content\/uploads\/2024\/03\/4.jpg\" data-elementor-open-lightbox=\"no\" data-index=\"3\" data-width=\"1500\" data-height=\"1120\" \n\t\t\t\t\t\t\t\t\t\t\t\t >\n\t\t\t\t\t\t\t\t\n\t\t\t\t\t\t\t\t<img loading=\"lazy\" decoding=\"async\" width=\"1500\" height=\"1120\" src=\"https:\/\/mk-development.pl\/wp-content\/uploads\/2024\/03\/4.jpg\" class=\"wd-gallery-image image-3\" alt=\"\" srcset=\"https:\/\/mk-development.pl\/wp-content\/uploads\/2024\/03\/4.jpg 1500w, https:\/\/mk-development.pl\/wp-content\/uploads\/2024\/03\/4-430x321.jpg 430w, https:\/\/mk-development.pl\/wp-content\/uploads\/2024\/03\/4-700x523.jpg 700w, https:\/\/mk-development.pl\/wp-content\/uploads\/2024\/03\/4-400x300.jpg 400w, https:\/\/mk-development.pl\/wp-content\/uploads\/2024\/03\/4-1071x800.jpg 1071w, https:\/\/mk-development.pl\/wp-content\/uploads\/2024\/03\/4-768x573.jpg 768w, https:\/\/mk-development.pl\/wp-content\/uploads\/2024\/03\/4-860x642.jpg 860w\" sizes=\"auto, (max-width: 1500px) 100vw, 1500px\" \/>\n\t\t\t\t\t\t\t\t\t\t\t\t\t\t\t<\/a>\n\t\t\t\t\t\t\t\t\t\t\t\t<\/div>\n\t\t\t\t\t\t\t\t\t\t\t<div class=\"wd-gallery-item wd-col\">\n\t\t\t\t\t\t\t\t\t\t\t\t\t\t<a href=\"https:\/\/mk-development.pl\/wp-content\/uploads\/2024\/03\/3.jpg\" data-elementor-open-lightbox=\"no\" data-index=\"4\" data-width=\"1500\" data-height=\"1120\" \n\t\t\t\t\t\t\t\t\t\t\t\t >\n\t\t\t\t\t\t\t\t\n\t\t\t\t\t\t\t\t<img loading=\"lazy\" decoding=\"async\" width=\"1500\" height=\"1120\" src=\"https:\/\/mk-development.pl\/wp-content\/uploads\/2024\/03\/3.jpg\" class=\"wd-gallery-image image-4\" alt=\"\" srcset=\"https:\/\/mk-development.pl\/wp-content\/uploads\/2024\/03\/3.jpg 1500w, https:\/\/mk-development.pl\/wp-content\/uploads\/2024\/03\/3-430x321.jpg 430w, https:\/\/mk-development.pl\/wp-content\/uploads\/2024\/03\/3-700x523.jpg 700w, https:\/\/mk-development.pl\/wp-content\/uploads\/2024\/03\/3-400x300.jpg 400w, https:\/\/mk-development.pl\/wp-content\/uploads\/2024\/03\/3-1071x800.jpg 1071w, https:\/\/mk-development.pl\/wp-content\/uploads\/2024\/03\/3-768x573.jpg 768w, https:\/\/mk-development.pl\/wp-content\/uploads\/2024\/03\/3-860x642.jpg 860w\" sizes=\"auto, (max-width: 1500px) 100vw, 1500px\" \/>\n\t\t\t\t\t\t\t\t\t\t\t\t\t\t\t<\/a>\n\t\t\t\t\t\t\t\t\t\t\t\t<\/div>\n\t\t\t\t\t\t\t\t\t\t\t<div class=\"wd-gallery-item wd-col\">\n\t\t\t\t\t\t\t\t\t\t\t\t\t\t<a href=\"https:\/\/mk-development.pl\/wp-content\/uploads\/2024\/03\/5.jpg\" data-elementor-open-lightbox=\"no\" data-index=\"5\" data-width=\"1500\" data-height=\"1125\" \n\t\t\t\t\t\t\t\t\t\t\t\t >\n\t\t\t\t\t\t\t\t\n\t\t\t\t\t\t\t\t<img loading=\"lazy\" decoding=\"async\" width=\"1500\" height=\"1125\" src=\"https:\/\/mk-development.pl\/wp-content\/uploads\/2024\/03\/5.jpg\" class=\"wd-gallery-image image-5\" alt=\"\" srcset=\"https:\/\/mk-development.pl\/wp-content\/uploads\/2024\/03\/5.jpg 1500w, https:\/\/mk-development.pl\/wp-content\/uploads\/2024\/03\/5-430x323.jpg 430w, https:\/\/mk-development.pl\/wp-content\/uploads\/2024\/03\/5-700x525.jpg 700w, https:\/\/mk-development.pl\/wp-content\/uploads\/2024\/03\/5-400x300.jpg 400w, https:\/\/mk-development.pl\/wp-content\/uploads\/2024\/03\/5-1067x800.jpg 1067w, https:\/\/mk-development.pl\/wp-content\/uploads\/2024\/03\/5-768x576.jpg 768w, https:\/\/mk-development.pl\/wp-content\/uploads\/2024\/03\/5-860x645.jpg 860w\" sizes=\"auto, (max-width: 1500px) 100vw, 1500px\" \/>\n\t\t\t\t\t\t\t\t\t\t\t\t\t\t\t<\/a>\n\t\t\t\t\t\t\t\t\t\t\t\t<\/div>\n\t\t\t\t\t\t\t\t\t\t\t<div class=\"wd-gallery-item wd-col\">\n\t\t\t\t\t\t\t\t\t\t\t\t\t\t<a href=\"https:\/\/mk-development.pl\/wp-content\/uploads\/2024\/03\/6.jpg\" data-elementor-open-lightbox=\"no\" data-index=\"6\" data-width=\"1500\" data-height=\"1125\" \n\t\t\t\t\t\t\t\t\t\t\t\t >\n\t\t\t\t\t\t\t\t\n\t\t\t\t\t\t\t\t<img loading=\"lazy\" decoding=\"async\" width=\"1500\" height=\"1125\" src=\"https:\/\/mk-development.pl\/wp-content\/uploads\/2024\/03\/6.jpg\" class=\"wd-gallery-image image-6\" alt=\"\" srcset=\"https:\/\/mk-development.pl\/wp-content\/uploads\/2024\/03\/6.jpg 1500w, https:\/\/mk-development.pl\/wp-content\/uploads\/2024\/03\/6-430x323.jpg 430w, https:\/\/mk-development.pl\/wp-content\/uploads\/2024\/03\/6-700x525.jpg 700w, https:\/\/mk-development.pl\/wp-content\/uploads\/2024\/03\/6-400x300.jpg 400w, https:\/\/mk-development.pl\/wp-content\/uploads\/2024\/03\/6-1067x800.jpg 1067w, https:\/\/mk-development.pl\/wp-content\/uploads\/2024\/03\/6-768x576.jpg 768w, https:\/\/mk-development.pl\/wp-content\/uploads\/2024\/03\/6-860x645.jpg 860w\" sizes=\"auto, (max-width: 1500px) 100vw, 1500px\" \/>\n\t\t\t\t\t\t\t\t\t\t\t\t\t\t\t<\/a>\n\t\t\t\t\t\t\t\t\t\t\t\t<\/div>\n\t\t\t\t\t\t\t\t\t\n\t\t\t\t\t\t\t<\/div>\n\n\t\t\t\t\t<\/div>\n\t\t[\/vc_column][\/vc_row][vc_row css=&#8221;.vc_custom_1708378870122{padding-top: 40px !important;padding-bottom: 80px !important;}&#8221; woodmart_css_id=&#8221;65d3caefe8b63&#8243; responsive_spacing=&#8221;eyJwYXJhbV90eXBlIjoid29vZG1hcnRfcmVzcG9uc2l2ZV9zcGFjaW5nIiwic2VsZWN0b3JfaWQiOiI2NWQzY2FlZmU4YjYzIiwic2hvcnRjb2RlIjoidmNfcm93IiwiZGF0YSI6eyJ0YWJsZXQiOnt9LCJtb2JpbGUiOnsicGFkZGluZy1ib3R0b20iOiIyMHB4In19fQ==&#8221; mobile_bg_img_hidden=&#8221;no&#8221; tablet_bg_img_hidden=&#8221;no&#8221; woodmart_parallax=&#8221;0&#8243; woodmart_gradient_switch=&#8221;no&#8221; woodmart_box_shadow=&#8221;no&#8221; wd_z_index=&#8221;no&#8221; woodmart_disable_overflow=&#8221;0&#8243; row_reverse_mobile=&#8221;0&#8243; row_reverse_tablet=&#8221;0&#8243;][vc_column woodmart_css_id=&#8221;65d3acf87f4c2&#8243; parallax_scroll=&#8221;no&#8221; woodmart_sticky_column=&#8221;false&#8221; wd_collapsible_content_switcher=&#8221;no&#8221; wd_column_role_offcanvas_desktop=&#8221;no&#8221; wd_column_role_offcanvas_tablet=&#8221;no&#8221; wd_column_role_offcanvas_mobile=&#8221;no&#8221; wd_column_role_content_desktop=&#8221;no&#8221; wd_column_role_content_tablet=&#8221;no&#8221; wd_column_role_content_mobile=&#8221;no&#8221; mobile_bg_img_hidden=&#8221;no&#8221; tablet_bg_img_hidden=&#8221;no&#8221; woodmart_parallax=&#8221;0&#8243; woodmart_box_shadow=&#8221;no&#8221; responsive_spacing=&#8221;eyJwYXJhbV90eXBlIjoid29vZG1hcnRfcmVzcG9uc2l2ZV9zcGFjaW5nIiwic2VsZWN0b3JfaWQiOiI2NWQzYWNmODdmNGMyIiwic2hvcnRjb2RlIjoidmNfY29sdW1uIiwiZGF0YSI6eyJ0YWJsZXQiOnt9LCJtb2JpbGUiOnsicGFkZGluZy1yaWdodCI6IjUlIiwicGFkZGluZy1sZWZ0IjoiNSUifX19&#8243; mobile_reset_margin=&#8221;no&#8221; tablet_reset_margin=&#8221;no&#8221; wd_z_index=&#8221;no&#8221;]\n\t\t<div id=\"wd-65d3a073147c1\" class=\"title-wrapper wd-wpb set-mb-s reset-last-child  wd-rs-65d3a073147c1 wd-title-color-primary wd-title-style-default text-center  wd-underline-colored\">\n\t\t\t\n\t\t\t<div class=\"liner-continer\">\n\t\t\t\t<h2 class=\"woodmart-title-container title  wd-font-weight- wd-fontsize-l\" >Contact form<\/h2>\n\t\t\t\t\t\t\t<\/div>\n\t\t\t\n\t\t\t\n\t\t\t\n\t\t<\/div>\n\t\t\n\t\t[vc_row_inner][vc_column_inner width=&#8221;1\/12&#8243;][\/vc_column_inner][vc_column_inner width=&#8221;5\/6&#8243;]\n<div class=\"wpcf7 no-js\" id=\"wpcf7-f9922-o1\" lang=\"en-US\" dir=\"ltr\">\n<div class=\"screen-reader-response\"><p role=\"status\" aria-live=\"polite\" aria-atomic=\"true\"><\/p> <ul><\/ul><\/div>\n<form action=\"\/en\/wp-json\/wp\/v2\/pages\/9899#wpcf7-f9922-o1\" method=\"post\" class=\"wpcf7-form init wd-style-with-bg\" aria-label=\"Contact form\" novalidate=\"novalidate\" data-status=\"init\">\n<div style=\"display: none;\">\n<input type=\"hidden\" name=\"_wpcf7\" value=\"9922\" \/>\n<input type=\"hidden\" name=\"_wpcf7_version\" value=\"5.9.3\" \/>\n<input type=\"hidden\" name=\"_wpcf7_locale\" value=\"en_US\" \/>\n<input type=\"hidden\" name=\"_wpcf7_unit_tag\" value=\"wpcf7-f9922-o1\" \/>\n<input type=\"hidden\" name=\"_wpcf7_container_post\" value=\"0\" \/>\n<input type=\"hidden\" name=\"_wpcf7_posted_data_hash\" value=\"\" \/>\n<input type=\"hidden\" name=\"_wpcf7_recaptcha_response\" value=\"\" \/>\n<\/div>\n<div class=\"row\">\n\t<div class=\"col-md-6\">\n\t\t<p><label>Name<\/label><span class=\"wpcf7-form-control-wrap\" data-name=\"your-name\"><input size=\"40\" class=\"wpcf7-form-control wpcf7-text wpcf7-validates-as-required\" aria-required=\"true\" aria-invalid=\"false\" value=\"\" type=\"text\" name=\"your-name\" \/><\/span><br \/>\n<label>Telephone number<\/label><span class=\"wpcf7-form-control-wrap\" data-name=\"tel-767\"><input size=\"40\" class=\"wpcf7-form-control wpcf7-tel wpcf7-text wpcf7-validates-as-tel\" aria-invalid=\"false\" value=\"\" type=\"tel\" name=\"tel-767\" \/><\/span><br \/>\n<label>E-mail address<\/label><span class=\"wpcf7-form-control-wrap\" data-name=\"your-email\"><input size=\"40\" class=\"wpcf7-form-control wpcf7-email wpcf7-validates-as-required wpcf7-text wpcf7-validates-as-email\" aria-required=\"true\" aria-invalid=\"false\" value=\"\" type=\"email\" name=\"your-email\" \/><\/span>\n\t\t<\/p>\n\t<\/div>\n\t<div class=\"col-md-6\">\n\t\t<p><label>Message<\/label><span class=\"wpcf7-form-control-wrap\" data-name=\"your-message\"><textarea cols=\"40\" rows=\"10\" class=\"wpcf7-form-control wpcf7-textarea\" aria-invalid=\"false\" name=\"your-message\"><\/textarea><\/span>\n\t\t<\/p>\n\t<\/div>\n<\/div>\n<p><span class=\"wpcf7-form-control-wrap\" data-name=\"acceptance-840\"><span class=\"wpcf7-form-control wpcf7-acceptance optional\"><span class=\"wpcf7-list-item\"><label><input type=\"checkbox\" name=\"acceptance-840\" value=\"1\" aria-invalid=\"false\" \/><span class=\"wpcf7-list-item-label\">I consent to the processing of my personal data by Mk Design & Development Marek Kukie\u0142ka with its registered office in \u0141\u00f3d\u017a (93-339), 72 Przednia Street, entered into the Register of Entrepreneurs of the National Court Register kept by the District Court for \u0141\u00f3d\u017a-\u015ar\u00f3dmie\u015bcie in \u0141\u00f3d\u017a XX Economic Division of the National Court Register under NIP: 7251316997, REGON: 014887995 (\"Data Administrator\") my personal data in the form of name and surname, e-mail address and telephone number (if provided) for the purpose of correspondence, including ongoing communication related to the enquiries directed through the contact form by means of electronic communication, pursuant to the provision of art. 10(1) and (2) of the Act on the provision of services by electronic means or by means of telecommunication terminal equipment within the meaning of the Telecommunications Law (e.g. enquiries concerning premises in which you are interested or enquiries about current investments), which constitutes a legitimate interest of the Data Controller (legal basis for data processing: art. 6(1)(f) RODO)\u00a0<a href=\"\/en\/privacy-policy\/\">Learn more <\/a>*<\/span><\/label><\/span><\/span><\/span>\n<\/p>\n<p><input class=\"wpcf7-form-control wpcf7-submit has-spinner btn-color-black\" type=\"submit\" value=\"Send a message\" \/>\n<\/p><div class=\"wpcf7-response-output\" aria-hidden=\"true\"><\/div>\n<\/form>\n<\/div>\n[\/vc_column_inner][vc_column_inner width=&#8221;1\/12&#8243;][\/vc_column_inner][\/vc_row_inner][\/vc_column][\/vc_row]<\/p>\n<\/div>","protected":false},"excerpt":{"rendered":"<p>[vc_row css=&#8221;.vc_custom_1708379555385{padding-top: 20px !important;padding-bottom: 40px !important;}&#8221; woodmart_css_id=&#8221;65d3cd91ee71f&#8221; responsive_spacing=&#8221;eyJwYXJhbV90eXBlIjoid29vZG1hcnRfcmVzcG9uc2l2ZV9zcGFjaW5nIiwic2VsZWN0b3JfaWQiOiI2NWQzY2Q5MWVlNzFmIiwic2hvcnRjb2RlIjoidmNfcm93IiwiZGF0YSI6eyJ0YWJsZXQiOnsicGFkZGluZy10b3AiOiIyMHB4IiwicGFkZGluZy1yaWdodCI6IjExJSIsInBhZGRpbmctYm90dG9tIjoiNDBweCIsInBhZGRpbmctbGVmdCI6IjExJSJ9LCJtb2JpbGUiOnsicGFkZGluZy10b3AiOiIxMHB4IiwicGFkZGluZy1yaWdodCI6IjFweCIsInBhZGRpbmctYm90dG9tIjoiNDBweCIsInBhZGRpbmctbGVmdCI6IjFweCJ9fX0=&#8221; mobile_bg_img_hidden=&#8221;no&#8221; tablet_bg_img_hidden=&#8221;no&#8221; woodmart_parallax=&#8221;0&#8243; woodmart_gradient_switch=&#8221;no&#8221; woodmart_box_shadow=&#8221;no&#8221; wd_z_index=&#8221;no&#8221; woodmart_disable_overflow=&#8221;0&#8243; row_reverse_mobile=&#8221;0&#8243; row_reverse_tablet=&#8221;0&#8243;][vc_column offset=&#8221;vc_col-lg-6 vc_col-xs-12&#8243; woodmart_css_id=&#8221;65d3cd3bad55e&#8221;<\/p>\n","protected":false},"author":1,"featured_media":0,"parent":9916,"menu_order":0,"comment_status":"closed","ping_status":"closed","template":"","meta":{"om_disable_all_campaigns":false,"_monsterinsights_skip_tracking":false,"_monsterinsights_sitenote_active":false,"_monsterinsights_sitenote_note":"","_monsterinsights_sitenote_category":0,"footnotes":""},"class_list":["post-9899","page","type-page","status-publish","hentry"],"aioseo_notices":[],"_links":{"self":[{"href":"https:\/\/mk-development.pl\/en\/wp-json\/wp\/v2\/pages\/9899","targetHints":{"allow":["GET"]}}],"collection":[{"href":"https:\/\/mk-development.pl\/en\/wp-json\/wp\/v2\/pages"}],"about":[{"href":"https:\/\/mk-development.pl\/en\/wp-json\/wp\/v2\/types\/page"}],"author":[{"embeddable":true,"href":"https:\/\/mk-development.pl\/en\/wp-json\/wp\/v2\/users\/1"}],"replies":[{"embeddable":true,"href":"https:\/\/mk-development.pl\/en\/wp-json\/wp\/v2\/comments?post=9899"}],"version-history":[{"count":2,"href":"https:\/\/mk-development.pl\/en\/wp-json\/wp\/v2\/pages\/9899\/revisions"}],"predecessor-version":[{"id":9934,"href":"https:\/\/mk-development.pl\/en\/wp-json\/wp\/v2\/pages\/9899\/revisions\/9934"}],"up":[{"embeddable":true,"href":"https:\/\/mk-development.pl\/en\/wp-json\/wp\/v2\/pages\/9916"}],"wp:attachment":[{"href":"https:\/\/mk-development.pl\/en\/wp-json\/wp\/v2\/media?parent=9899"}],"curies":[{"name":"wp","href":"https:\/\/api.w.org\/{rel}","templated":true}]}}