{"id":9916,"date":"2024-03-25T19:57:59","date_gmt":"2024-03-25T18:57:59","guid":{"rendered":"https:\/\/mk-development.pl\/our-projects\/"},"modified":"2024-04-07T09:58:11","modified_gmt":"2024-04-07T07:58:11","slug":"our-projects","status":"publish","type":"page","link":"https:\/\/mk-development.pl\/en\/our-projects\/","title":{"rendered":"Our projects"},"content":{"rendered":"<div class=\"wpb-content-wrapper\"><p>[vc_row][vc_column]\n\t\t<div id=\"wd-6601cbd7def50\" class=\"title-wrapper wd-wpb set-mb-s reset-last-child  wd-rs-6601cbd7def50 wd-title-color-primary wd-title-style-default text-center  wd-underline-colored\">\n\t\t\t\n\t\t\t<div class=\"liner-continer\">\n\t\t\t\t<h1 class=\"woodmart-title-container title  wd-font-weight- wd-fontsize-l\" >Our projects<\/h1>\n\t\t\t\t\t\t\t<\/div>\n\t\t\t\n\t\t\t\n\t\t\t\n\t\t<\/div>\n\t\t\n\t\t[\/vc_column][\/vc_row][vc_row css=&#8221;.vc_custom_1711393786628{padding-top: 20px !important;padding-bottom: 40px !important;}&#8221; woodmart_css_id=&#8221;6601cbf49474b&#8221; responsive_spacing=&#8221;eyJwYXJhbV90eXBlIjoid29vZG1hcnRfcmVzcG9uc2l2ZV9zcGFjaW5nIiwic2VsZWN0b3JfaWQiOiI2NjAxY2JmNDk0NzRiIiwic2hvcnRjb2RlIjoidmNfcm93IiwiZGF0YSI6eyJ0YWJsZXQiOnt9LCJtb2JpbGUiOnt9fX0=&#8221; mobile_bg_img_hidden=&#8221;no&#8221; tablet_bg_img_hidden=&#8221;no&#8221; woodmart_parallax=&#8221;0&#8243; woodmart_gradient_switch=&#8221;no&#8221; woodmart_box_shadow=&#8221;no&#8221; wd_z_index=&#8221;no&#8221; woodmart_disable_overflow=&#8221;0&#8243; row_reverse_mobile=&#8221;0&#8243; row_reverse_tablet=&#8221;0&#8243;][vc_column][vc_row_inner][vc_column_inner width=&#8221;1\/2&#8243;]\t\t\t<div class=\"info-box-wrapper\">\n\t\t\t\t<div id=\"wd-6601ca1467583\" class=\" wd-rs-6601ca1467583 wd-info-box wd-wpb text-center box-icon-align-top box-style-shadow color-scheme- wd-bg-none with-btn box-btn-static \">\n\t\t\t\t\t\t\t\t\t\t\t<div class=\"box-icon-wrapper  box-with-icon box-icon-simple\">\n\t\t\t\t\t\t\t<div class=\"info-box-icon\">\n\n\t\t\t\t\t\t\t\n\t\t\t\t\t\t\t\t\t\t\t\t\t\t\t\t\t<img loading=\"lazy\" decoding=\"async\" width=\"1280\" height=\"853\" src=\"https:\/\/mk-development.pl\/wp-content\/uploads\/2024\/02\/3.jpg\" class=\"attachment-full size-full\" alt=\"\" srcset=\"https:\/\/mk-development.pl\/wp-content\/uploads\/2024\/02\/3.jpg 1280w, https:\/\/mk-development.pl\/wp-content\/uploads\/2024\/02\/3-430x287.jpg 430w, https:\/\/mk-development.pl\/wp-content\/uploads\/2024\/02\/3-700x466.jpg 700w, https:\/\/mk-development.pl\/wp-content\/uploads\/2024\/02\/3-400x267.jpg 400w, https:\/\/mk-development.pl\/wp-content\/uploads\/2024\/02\/3-1200x800.jpg 1200w, https:\/\/mk-development.pl\/wp-content\/uploads\/2024\/02\/3-768x512.jpg 768w, https:\/\/mk-development.pl\/wp-content\/uploads\/2024\/02\/3-860x573.jpg 860w\" sizes=\"auto, (max-width: 1280px) 100vw, 1280px\" \/>\t\t\t\t\t\t\t\t\t\t\t\t\t\t\t\n\t\t\t\t\t\t\t<\/div>\n\t\t\t\t\t\t<\/div>\n\t\t\t\t\t\t\t\t\t\t<div class=\"info-box-content\">\n\t\t\t\t\t\t<p class=\"info-box-title title box-title-style-default wd-fontsize-m\">Renovation of a 100-year-old tenement house in \u0141\u00f3d\u017a<\/p>\t\t\t\t\t\t<div class=\"info-box-inner set-cont-mb-s reset-last-child\"><\/div>\n\n\t\t\t\t\t\t<div class=\"info-btn-wrapper\"><div id=\"wd-69e1a254306b5\" class=\"  wd-button-wrapper text-center\"><a href=\"\/en\/renovation-of-a-tenement-house-in-lodz\/\" title=\"\" class=\"btn btn-color-primary btn-style-default btn-style-semi-round btn-size-default\">View more<\/a><\/div><\/div>\t\t\t\t\t<\/div>\n\n\t\t\t\t\t\n\t\t\t\t\t\t\t\t\t<\/div>\n\t\t\t<\/div>\n\t\t[\/vc_column_inner][vc_column_inner width=&#8221;1\/2&#8243;]\t\t\t<div class=\"info-box-wrapper\">\n\t\t\t\t<div id=\"wd-6601cb931f2db\" class=\" wd-rs-6601cb931f2db wd-info-box wd-wpb text-center box-icon-align-top box-style-shadow color-scheme- wd-bg-none with-btn box-btn-static \">\n\t\t\t\t\t\t\t\t\t\t\t<div class=\"box-icon-wrapper  box-with-icon box-icon-simple\">\n\t\t\t\t\t\t\t<div class=\"info-box-icon\">\n\n\t\t\t\t\t\t\t\n\t\t\t\t\t\t\t\t\t\t\t\t\t\t\t\t\t<img loading=\"lazy\" decoding=\"async\" width=\"1280\" height=\"852\" src=\"https:\/\/mk-development.pl\/wp-content\/uploads\/2024\/03\/kawalerka-1.jpg\" class=\"attachment-full size-full\" alt=\"\" srcset=\"https:\/\/mk-development.pl\/wp-content\/uploads\/2024\/03\/kawalerka-1.jpg 1280w, https:\/\/mk-development.pl\/wp-content\/uploads\/2024\/03\/kawalerka-1-430x286.jpg 430w, https:\/\/mk-development.pl\/wp-content\/uploads\/2024\/03\/kawalerka-1-700x466.jpg 700w, https:\/\/mk-development.pl\/wp-content\/uploads\/2024\/03\/kawalerka-1-400x266.jpg 400w, https:\/\/mk-development.pl\/wp-content\/uploads\/2024\/03\/kawalerka-1-1202x800.jpg 1202w, https:\/\/mk-development.pl\/wp-content\/uploads\/2024\/03\/kawalerka-1-768x511.jpg 768w, https:\/\/mk-development.pl\/wp-content\/uploads\/2024\/03\/kawalerka-1-860x572.jpg 860w\" sizes=\"auto, (max-width: 1280px) 100vw, 1280px\" \/>\t\t\t\t\t\t\t\t\t\t\t\t\t\t\t\n\t\t\t\t\t\t\t<\/div>\n\t\t\t\t\t\t<\/div>\n\t\t\t\t\t\t\t\t\t\t<div class=\"info-box-content\">\n\t\t\t\t\t\t<p class=\"info-box-title title box-title-style-default wd-fontsize-m\">Diasfera studio apartment<\/p>\t\t\t\t\t\t<div class=\"info-box-inner set-cont-mb-s reset-last-child\"><\/div>\n\n\t\t\t\t\t\t<div class=\"info-btn-wrapper\"><div id=\"wd-69e1a254309c6\" class=\"  wd-button-wrapper text-center\"><a href=\"\/en\/diasfera-studio-apartment\/\" title=\"\" class=\"btn btn-color-primary btn-style-default btn-style-semi-round btn-size-default\">View more<\/a><\/div><\/div>\t\t\t\t\t<\/div>\n\n\t\t\t\t\t\n\t\t\t\t\t\t\t\t\t<\/div>\n\t\t\t<\/div>\n\t\t[\/vc_column_inner][\/vc_row_inner][vc_row_inner][vc_column_inner width=&#8221;1\/2&#8243;]\t\t\t<div class=\"info-box-wrapper\">\n\t\t\t\t<div id=\"wd-6601ca54446c3\" class=\" wd-rs-6601ca54446c3 wd-info-box wd-wpb text-center box-icon-align-top box-style-shadow color-scheme- wd-bg-none with-btn box-btn-static \">\n\t\t\t\t\t\t\t\t\t\t\t<div class=\"box-icon-wrapper  box-with-icon box-icon-simple\">\n\t\t\t\t\t\t\t<div class=\"info-box-icon\">\n\n\t\t\t\t\t\t\t\n\t\t\t\t\t\t\t\t\t\t\t\t\t\t\t\t\t<img loading=\"lazy\" decoding=\"async\" width=\"1500\" height=\"1125\" src=\"https:\/\/mk-development.pl\/wp-content\/uploads\/2024\/03\/1-1.jpg\" class=\"attachment-full size-full\" alt=\"\" srcset=\"https:\/\/mk-development.pl\/wp-content\/uploads\/2024\/03\/1-1.jpg 1500w, https:\/\/mk-development.pl\/wp-content\/uploads\/2024\/03\/1-1-430x323.jpg 430w, https:\/\/mk-development.pl\/wp-content\/uploads\/2024\/03\/1-1-700x525.jpg 700w, https:\/\/mk-development.pl\/wp-content\/uploads\/2024\/03\/1-1-400x300.jpg 400w, https:\/\/mk-development.pl\/wp-content\/uploads\/2024\/03\/1-1-1067x800.jpg 1067w, https:\/\/mk-development.pl\/wp-content\/uploads\/2024\/03\/1-1-768x576.jpg 768w, https:\/\/mk-development.pl\/wp-content\/uploads\/2024\/03\/1-1-860x645.jpg 860w\" sizes=\"auto, (max-width: 1500px) 100vw, 1500px\" \/>\t\t\t\t\t\t\t\t\t\t\t\t\t\t\t\n\t\t\t\t\t\t\t<\/div>\n\t\t\t\t\t\t<\/div>\n\t\t\t\t\t\t\t\t\t\t<div class=\"info-box-content\">\n\t\t\t\t\t\t<p class=\"info-box-title title box-title-style-default wd-fontsize-m\">English kitchens<\/p>\t\t\t\t\t\t<div class=\"info-box-inner set-cont-mb-s reset-last-child\"><\/div>\n\n\t\t\t\t\t\t<div class=\"info-btn-wrapper\"><div id=\"wd-69e1a25430cb1\" class=\"  wd-button-wrapper text-center\"><a href=\"\/en\/english-kitchens\/\" title=\"\" class=\"btn btn-color-primary btn-style-default btn-style-semi-round btn-size-default\">View more<\/a><\/div><\/div>\t\t\t\t\t<\/div>\n\n\t\t\t\t\t\n\t\t\t\t\t\t\t\t\t<\/div>\n\t\t\t<\/div>\n\t\t[\/vc_column_inner][vc_column_inner width=&#8221;1\/2&#8243;]\t\t\t<div class=\"info-box-wrapper\">\n\t\t\t\t<div id=\"wd-660c4a7a05a34\" class=\" wd-rs-660c4a7a05a34 wd-info-box wd-wpb text-center box-icon-align-top box-style-shadow color-scheme- wd-bg-none with-btn box-btn-static \">\n\t\t\t\t\t\t\t\t\t\t\t<div class=\"box-icon-wrapper  box-with-icon box-icon-simple\">\n\t\t\t\t\t\t\t<div class=\"info-box-icon\">\n\n\t\t\t\t\t\t\t\n\t\t\t\t\t\t\t\t\t\t\t\t\t\t\t\t\t<img loading=\"lazy\" decoding=\"async\" width=\"1500\" height=\"1120\" src=\"https:\/\/mk-development.pl\/wp-content\/uploads\/2024\/03\/3.jpg\" class=\"attachment-full size-full\" alt=\"\" srcset=\"https:\/\/mk-development.pl\/wp-content\/uploads\/2024\/03\/3.jpg 1500w, https:\/\/mk-development.pl\/wp-content\/uploads\/2024\/03\/3-430x321.jpg 430w, https:\/\/mk-development.pl\/wp-content\/uploads\/2024\/03\/3-700x523.jpg 700w, https:\/\/mk-development.pl\/wp-content\/uploads\/2024\/03\/3-400x300.jpg 400w, https:\/\/mk-development.pl\/wp-content\/uploads\/2024\/03\/3-1071x800.jpg 1071w, https:\/\/mk-development.pl\/wp-content\/uploads\/2024\/03\/3-768x573.jpg 768w, https:\/\/mk-development.pl\/wp-content\/uploads\/2024\/03\/3-860x642.jpg 860w\" sizes=\"auto, (max-width: 1500px) 100vw, 1500px\" \/>\t\t\t\t\t\t\t\t\t\t\t\t\t\t\t\n\t\t\t\t\t\t\t<\/div>\n\t\t\t\t\t\t<\/div>\n\t\t\t\t\t\t\t\t\t\t<div class=\"info-box-content\">\n\t\t\t\t\t\t<p class=\"info-box-title title box-title-style-default wd-fontsize-m\">Cabinet 6.40\/4.40m<\/p>\t\t\t\t\t\t<div class=\"info-box-inner set-cont-mb-s reset-last-child\"><\/div>\n\n\t\t\t\t\t\t<div class=\"info-btn-wrapper\"><div id=\"wd-69e1a25430f94\" class=\"  wd-button-wrapper text-center\"><a href=\"\/en\/cabinet-with-fronts\/\" title=\"\" class=\"btn btn-color-primary btn-style-default btn-style-semi-round btn-size-default\">View more<\/a><\/div><\/div>\t\t\t\t\t<\/div>\n\n\t\t\t\t\t\n\t\t\t\t\t\t\t\t\t<\/div>\n\t\t\t<\/div>\n\t\t[\/vc_column_inner][\/vc_row_inner][vc_row_inner][vc_column_inner width=&#8221;1\/2&#8243;]\t\t\t<div class=\"info-box-wrapper\">\n\t\t\t\t<div id=\"wd-6601cab8afee0\" class=\" wd-rs-6601cab8afee0 wd-info-box wd-wpb text-center box-icon-align-top box-style-shadow color-scheme- wd-bg-none with-btn box-btn-static \">\n\t\t\t\t\t\t\t\t\t\t\t<div class=\"box-icon-wrapper  box-with-icon box-icon-simple\">\n\t\t\t\t\t\t\t<div class=\"info-box-icon\">\n\n\t\t\t\t\t\t\t\n\t\t\t\t\t\t\t\t\t\t\t\t\t\t\t\t\t<img loading=\"lazy\" decoding=\"async\" width=\"1500\" height=\"1125\" src=\"https:\/\/mk-development.pl\/wp-content\/uploads\/2024\/03\/2-2.jpg\" class=\"attachment-full size-full\" alt=\"\" srcset=\"https:\/\/mk-development.pl\/wp-content\/uploads\/2024\/03\/2-2.jpg 1500w, https:\/\/mk-development.pl\/wp-content\/uploads\/2024\/03\/2-2-430x323.jpg 430w, https:\/\/mk-development.pl\/wp-content\/uploads\/2024\/03\/2-2-700x525.jpg 700w, https:\/\/mk-development.pl\/wp-content\/uploads\/2024\/03\/2-2-400x300.jpg 400w, https:\/\/mk-development.pl\/wp-content\/uploads\/2024\/03\/2-2-1067x800.jpg 1067w, https:\/\/mk-development.pl\/wp-content\/uploads\/2024\/03\/2-2-768x576.jpg 768w, https:\/\/mk-development.pl\/wp-content\/uploads\/2024\/03\/2-2-860x645.jpg 860w\" sizes=\"auto, (max-width: 1500px) 100vw, 1500px\" \/>\t\t\t\t\t\t\t\t\t\t\t\t\t\t\t\n\t\t\t\t\t\t\t<\/div>\n\t\t\t\t\t\t<\/div>\n\t\t\t\t\t\t\t\t\t\t<div class=\"info-box-content\">\n\t\t\t\t\t\t<p class=\"info-box-title title box-title-style-default wd-fontsize-m\">Other realisations<\/p>\t\t\t\t\t\t<div class=\"info-box-inner set-cont-mb-s reset-last-child\"><\/div>\n\n\t\t\t\t\t\t<div class=\"info-btn-wrapper\"><div id=\"wd-69e1a25431281\" class=\"  wd-button-wrapper text-center\"><a href=\"\/en\/other-realisations\/\" title=\"\" class=\"btn btn-color-primary btn-style-default btn-style-semi-round btn-size-default\">View more<\/a><\/div><\/div>\t\t\t\t\t<\/div>\n\n\t\t\t\t\t\n\t\t\t\t\t\t\t\t\t<\/div>\n\t\t\t<\/div>\n\t\t[\/vc_column_inner][vc_column_inner width=&#8221;1\/2&#8243;][\/vc_column_inner][\/vc_row_inner][\/vc_column][\/vc_row]<\/p>\n<\/div>","protected":false},"excerpt":{"rendered":"<p>[vc_row][vc_column][\/vc_column][\/vc_row][vc_row css=&#8221;.vc_custom_1711393786628{padding-top: 20px !important;padding-bottom: 40px !important;}&#8221; woodmart_css_id=&#8221;6601cbf49474b&#8221; responsive_spacing=&#8221;eyJwYXJhbV90eXBlIjoid29vZG1hcnRfcmVzcG9uc2l2ZV9zcGFjaW5nIiwic2VsZWN0b3JfaWQiOiI2NjAxY2JmNDk0NzRiIiwic2hvcnRjb2RlIjoidmNfcm93IiwiZGF0YSI6eyJ0YWJsZXQiOnt9LCJtb2JpbGUiOnt9fX0=&#8221; mobile_bg_img_hidden=&#8221;no&#8221; tablet_bg_img_hidden=&#8221;no&#8221; woodmart_parallax=&#8221;0&#8243; woodmart_gradient_switch=&#8221;no&#8221; woodmart_box_shadow=&#8221;no&#8221; wd_z_index=&#8221;no&#8221; woodmart_disable_overflow=&#8221;0&#8243; row_reverse_mobile=&#8221;0&#8243; row_reverse_tablet=&#8221;0&#8243;][vc_column][vc_row_inner][vc_column_inner width=&#8221;1\/2&#8243;][\/vc_column_inner][vc_column_inner width=&#8221;1\/2&#8243;][\/vc_column_inner][\/vc_row_inner][vc_row_inner][vc_column_inner width=&#8221;1\/2&#8243;][\/vc_column_inner][vc_column_inner<\/p>\n","protected":false},"author":1,"featured_media":0,"parent":0,"menu_order":0,"comment_status":"closed","ping_status":"closed","template":"","meta":{"om_disable_all_campaigns":false,"_monsterinsights_skip_tracking":false,"_monsterinsights_sitenote_active":false,"_monsterinsights_sitenote_note":"","_monsterinsights_sitenote_category":0,"footnotes":""},"class_list":["post-9916","page","type-page","status-publish","hentry"],"aioseo_notices":[],"_links":{"self":[{"href":"https:\/\/mk-development.pl\/en\/wp-json\/wp\/v2\/pages\/9916","targetHints":{"allow":["GET"]}}],"collection":[{"href":"https:\/\/mk-development.pl\/en\/wp-json\/wp\/v2\/pages"}],"about":[{"href":"https:\/\/mk-development.pl\/en\/wp-json\/wp\/v2\/types\/page"}],"author":[{"embeddable":true,"href":"https:\/\/mk-development.pl\/en\/wp-json\/wp\/v2\/users\/1"}],"replies":[{"embeddable":true,"href":"https:\/\/mk-development.pl\/en\/wp-json\/wp\/v2\/comments?post=9916"}],"version-history":[{"count":2,"href":"https:\/\/mk-development.pl\/en\/wp-json\/wp\/v2\/pages\/9916\/revisions"}],"predecessor-version":[{"id":9933,"href":"https:\/\/mk-development.pl\/en\/wp-json\/wp\/v2\/pages\/9916\/revisions\/9933"}],"wp:attachment":[{"href":"https:\/\/mk-development.pl\/en\/wp-json\/wp\/v2\/media?parent=9916"}],"curies":[{"name":"wp","href":"https:\/\/api.w.org\/{rel}","templated":true}]}}